{"id":7018,"date":"2022-10-24T12:29:34","date_gmt":"2022-10-24T12:29:34","guid":{"rendered":"https:\/\/verbraucherschutzzentrale.be\/ueber-uns\/"},"modified":"2024-01-12T14:23:50","modified_gmt":"2024-01-12T14:23:50","slug":"ueber-uns","status":"publish","type":"page","link":"https:\/\/verbraucherschutzzentrale.be\/fr\/ueber-uns\/","title":{"rendered":"La VSZ"},"content":{"rendered":"\t\t<div data-elementor-type=\"wp-page\" data-elementor-id=\"7018\" class=\"elementor elementor-7018 elementor-1899\">\n\t\t\t\t\t\t<section class=\"elementor-section elementor-top-section elementor-element elementor-element-4505305 elementor-section-boxed elementor-section-height-default elementor-section-height-default\" data-id=\"4505305\" data-element_type=\"section\" data-e-type=\"section\" data-settings=\"{&quot;jet_parallax_layout_list&quot;:[]}\">\n\t\t\t\t\t\t<div class=\"elementor-container elementor-column-gap-default\">\n\t\t\t\t\t<div class=\"elementor-column elementor-col-100 elementor-top-column elementor-element elementor-element-1ad8beb\" data-id=\"1ad8beb\" data-element_type=\"column\" data-e-type=\"column\">\n\t\t\t<div class=\"elementor-widget-wrap elementor-element-populated\">\n\t\t\t\t\t\t<div class=\"elementor-element elementor-element-5d4cc74 elementor-widget elementor-widget-spacer\" data-id=\"5d4cc74\" data-element_type=\"widget\" data-e-type=\"widget\" data-widget_type=\"spacer.default\">\n\t\t\t\t<div class=\"elementor-widget-container\">\n\t\t\t\t\t\t\t<div class=\"elementor-spacer\">\n\t\t\t<div class=\"elementor-spacer-inner\"><\/div>\n\t\t<\/div>\n\t\t\t\t\t\t<\/div>\n\t\t\t\t<\/div>\n\t\t\t\t<div class=\"elementor-element elementor-element-146ba85 elementor-widget elementor-widget-image\" data-id=\"146ba85\" data-element_type=\"widget\" data-e-type=\"widget\" data-widget_type=\"image.default\">\n\t\t\t\t<div class=\"elementor-widget-container\">\n\t\t\t\t\t\t\t\t\t\t\t\t\t\t\t<img fetchpriority=\"high\" decoding=\"async\" width=\"427\" height=\"156\" src=\"https:\/\/verbraucherschutzzentrale.be\/wp-content\/uploads\/2020\/05\/VSZ-footer-icons.png\" class=\"attachment-large size-large wp-image-5921\" alt=\"\" srcset=\"https:\/\/verbraucherschutzzentrale.be\/wp-content\/uploads\/2020\/05\/VSZ-footer-icons.png 427w, https:\/\/verbraucherschutzzentrale.be\/wp-content\/uploads\/2020\/05\/VSZ-footer-icons-300x110.png 300w\" sizes=\"(max-width: 427px) 100vw, 427px\" \/>\t\t\t\t\t\t\t\t\t\t\t\t\t\t\t<\/div>\n\t\t\t\t<\/div>\n\t\t\t\t<div class=\"elementor-element elementor-element-8759186 elementor-widget__width-auto elementor-absolute elementor-widget elementor-widget-image\" data-id=\"8759186\" data-element_type=\"widget\" data-e-type=\"widget\" data-settings=\"{&quot;_position&quot;:&quot;absolute&quot;}\" data-widget_type=\"image.default\">\n\t\t\t\t<div class=\"elementor-widget-container\">\n\t\t\t\t\t\t\t\t\t\t\t\t\t\t\t<img decoding=\"async\" width=\"704\" height=\"704\" src=\"https:\/\/verbraucherschutzzentrale.be\/wp-content\/uploads\/2023\/08\/masken-weiss-18.png\" class=\"attachment-large size-large wp-image-6106\" alt=\"\" srcset=\"https:\/\/verbraucherschutzzentrale.be\/wp-content\/uploads\/2023\/08\/masken-weiss-18.png 704w, https:\/\/verbraucherschutzzentrale.be\/wp-content\/uploads\/2023\/08\/masken-weiss-18-300x300.png 300w, https:\/\/verbraucherschutzzentrale.be\/wp-content\/uploads\/2023\/08\/masken-weiss-18-150x150.png 150w, https:\/\/verbraucherschutzzentrale.be\/wp-content\/uploads\/2023\/08\/masken-weiss-18-500x500.png 500w\" sizes=\"(max-width: 704px) 100vw, 704px\" \/>\t\t\t\t\t\t\t\t\t\t\t\t\t\t\t<\/div>\n\t\t\t\t<\/div>\n\t\t\t\t<div class=\"elementor-element elementor-element-77b2a4d elementor-widget__width-initial elementor-widget elementor-widget-text-editor\" data-id=\"77b2a4d\" data-element_type=\"widget\" data-e-type=\"widget\" data-widget_type=\"text-editor.default\">\n\t\t\t\t<div class=\"elementor-widget-container\">\n\t\t\t\t\t\t\t\t\t<h1><span data-contrast=\"none\">Bienvenue \u00e0 l\u2019Association de d\u00e9fense des consommateurs<\/span><span data-ccp-props=\"{}\">\u00a0<\/span><\/h1><p><span data-contrast=\"none\">L&rsquo;Association de d\u00e9fense des consommateurs A.S.B.L. propose, dans la Communaut\u00e9 germanophone et les communes limitrophes, des services dans le domaine du conseil aux consommateurs, du droit de la location, de la m\u00e9diation de dettes, de la consommation durable et une orientation sur les plaintes. Elle est neutre vis-\u00e0-vis des fournisseurs et ind\u00e9pendante de la politique.<\/span><span data-ccp-props=\"{}\">\u00a0<\/span><\/p><p>\u00a0<\/p><h2><span data-contrast=\"none\">Nos objectifs<\/span><span data-ccp-props=\"{}\">\u00a0<\/span><\/h2><ol><li><span data-contrast=\"none\">Prot\u00e9ger les consommateurs de mani\u00e8re socialement orient\u00e9e ;<\/span><\/li><li><span data-contrast=\"none\"> pr\u00e9venir et lutter contre le surendettement ; <\/span><\/li><li><span data-contrast=\"none\">promouvoir la consommation durable ; <\/span><\/li><li><span data-contrast=\"none\">offrir un service flexible et r\u00e9sistant aux crises.<\/span><span data-ccp-props=\"{}\">\u00a0<\/span><\/li><\/ol>\t\t\t\t\t\t\t\t<\/div>\n\t\t\t\t<\/div>\n\t\t\t\t<section class=\"elementor-section elementor-inner-section elementor-element elementor-element-dd7bf5d elementor-section-boxed elementor-section-height-default elementor-section-height-default\" data-id=\"dd7bf5d\" data-element_type=\"section\" data-e-type=\"section\" data-settings=\"{&quot;jet_parallax_layout_list&quot;:[]}\">\n\t\t\t\t\t\t<div class=\"elementor-container elementor-column-gap-default\">\n\t\t\t\t\t<div class=\"elementor-column elementor-col-100 elementor-inner-column elementor-element elementor-element-5fc6a4b\" data-id=\"5fc6a4b\" data-element_type=\"column\" data-e-type=\"column\">\n\t\t\t<div class=\"elementor-widget-wrap elementor-element-populated\">\n\t\t\t\t\t\t<div class=\"elementor-element elementor-element-75cedaa elementor-widget__width-initial elementor-widget elementor-widget-text-editor\" data-id=\"75cedaa\" data-element_type=\"widget\" data-e-type=\"widget\" data-widget_type=\"text-editor.default\">\n\t\t\t\t<div class=\"elementor-widget-container\">\n\t\t\t\t\t\t\t\t\t<h2><span data-contrast=\"none\">Devenir membre<\/span><span data-ccp-props=\"{}\">\u00a0<\/span><\/h2><p><span data-contrast=\"none\">Vous souhaitez soutenir le travail de l&rsquo;Association de d\u00e9fense des consommateurs A.S.B.L ?<\/span><span data-ccp-props=\"{}\">\u00a0<\/span><\/p><p><span data-contrast=\"none\">Vous pouvez devenir membre pour 14,00 \u20ac. Gr\u00e2ce \u00e0 votre adh\u00e9sion, vous recevrez notre rapport annuel et disposerez d&rsquo;une voix consultative lors des assembl\u00e9es g\u00e9n\u00e9rales.<\/span><span data-ccp-props=\"{}\">\u00a0<\/span><\/p><p><span data-contrast=\"none\">D\u00e8s que la cotisation de 14,00 \u20ac est vers\u00e9e sur notre compte BE94 0689 0988 7814, vous \u00eates enregistr\u00e9 comme membre. L&rsquo;adh\u00e9sion est valable un an.<\/span><span data-ccp-props=\"{}\">\u00a0<\/span><\/p>\t\t\t\t\t\t\t\t<\/div>\n\t\t\t\t<\/div>\n\t\t\t\t<div class=\"elementor-element elementor-element-5e9fd7f elementor-widget elementor-widget-spacer\" data-id=\"5e9fd7f\" data-element_type=\"widget\" data-e-type=\"widget\" data-widget_type=\"spacer.default\">\n\t\t\t\t<div class=\"elementor-widget-container\">\n\t\t\t\t\t\t\t<div class=\"elementor-spacer\">\n\t\t\t<div class=\"elementor-spacer-inner\"><\/div>\n\t\t<\/div>\n\t\t\t\t\t\t<\/div>\n\t\t\t\t<\/div>\n\t\t\t\t<div class=\"elementor-element elementor-element-1ec229f elementor-widget__width-initial elementor-widget elementor-widget-text-editor\" data-id=\"1ec229f\" data-element_type=\"widget\" data-e-type=\"widget\" data-widget_type=\"text-editor.default\">\n\t\t\t\t<div class=\"elementor-widget-container\">\n\t\t\t\t\t\t\t\t\t<h2><span data-contrast=\"none\">La VSZ en mutation<\/span> <span data-ccp-props=\"{}\">\u00a0<\/span><\/h2><p><span data-contrast=\"none\">Depuis sa cr\u00e9ation le 11 octobre 1991, l&rsquo;Association de d\u00e9fense des consommateurs ASBL a connu une histoire mouvement\u00e9e. L&rsquo;id\u00e9e initiale du projet \u00e9tait en premier lieu marqu\u00e9e par un caract\u00e8re transfrontalier &#8211; c&rsquo;est ainsi qu&rsquo;elle propose aujourd&rsquo;hui encore une offre bilingue. Apr\u00e8s l&rsquo;ouverture d&rsquo;antennes \u00e0 Saint-Vith et \u00e0 Eupen, elle a \u00e9t\u00e9 officiellement reconnue comme centre de conseil en mati\u00e8re de dettes en 1996. L&rsquo;introduction de l&rsquo;euro, la lib\u00e9ralisation du march\u00e9 de l&rsquo;\u00e9nergie, la crise du covid et la crise \u00e9nerg\u00e9tique, &#8230; ont marqu\u00e9 les initiatives et la structure de la VSZ. Plus de 150.000 personnes ont cherch\u00e9 conseil aupr\u00e8s de la centrale de protection des consommateurs, qui emploie aujourd&rsquo;hui 11 personnes (situation en 2023).<\/span><span data-ccp-props=\"{}\">\u00a0<\/span><\/p>\t\t\t\t\t\t\t\t<\/div>\n\t\t\t\t<\/div>\n\t\t\t\t<div class=\"elementor-element elementor-element-5f45c6c elementor-align-left elementor-widget-mobile__width-inherit elementor-widget__width-initial elementor-widget elementor-widget-raven-button\" data-id=\"5f45c6c\" data-element_type=\"widget\" data-e-type=\"widget\" data-settings=\"{&quot;turn_to_popup_action_button&quot;:&quot;no&quot;}\" data-widget_type=\"raven-button.default\">\n\t\t\t\t<div class=\"elementor-widget-container\">\n\t\t\t\t\t\t\t<div class=\"raven-widget-wrapper\">\n\t\t\t<a class=\"raven-button raven-button-widget-normal-effect-none  raven-button-text-align-left raven-button-link elementor-animation-none\" href=\"https:\/\/verbraucherschutzzentrale.be\/ueber-uns\/geschichte\/\">\t\t\t\t<div class=\"raven-button-overlay\" ><\/div>\n\t\t\t\t<span class=\"raven-button-content\">\n\t\t\t\t\t\n\t\t\t\t\t<div class=\"button-text-container\">\n\t\t\t\t\t\t\t\t\t\t\t\t<div class=\"raven-button-texts-wrapper\">\n\t\t\t\t\t\t\t<div class=\"button-text\">\n\t\t\t\t\t\t\t\t<span class=\"raven-button-text\">\n\t\t\t\t\t\t\t\t\tL'histoire de la VSZ\t\t\t\t\t\t\t\t<\/span>\n\t\t\t\t\t\t\t<\/div>\n\t\t\t\t\t\t\t\t\t\t\t\t\t<\/div>\n\t\t\t\t\t\t\t\t\t\t\t<\/div>\n\t\t\t\t\t\n\t\t\t\t\t\t\t\t\t<\/span>\n\t\t\t<\/a>\t\t<\/div>\n\t\t\t\t\t\t<\/div>\n\t\t\t\t<\/div>\n\t\t\t\t<div class=\"elementor-element elementor-element-ba14a6e elementor-widget elementor-widget-spacer\" data-id=\"ba14a6e\" data-element_type=\"widget\" data-e-type=\"widget\" data-widget_type=\"spacer.default\">\n\t\t\t\t<div class=\"elementor-widget-container\">\n\t\t\t\t\t\t\t<div class=\"elementor-spacer\">\n\t\t\t<div class=\"elementor-spacer-inner\"><\/div>\n\t\t<\/div>\n\t\t\t\t\t\t<\/div>\n\t\t\t\t<\/div>\n\t\t\t\t<div class=\"elementor-element elementor-element-9b12851 elementor-widget__width-initial elementor-widget elementor-widget-text-editor\" data-id=\"9b12851\" data-element_type=\"widget\" data-e-type=\"widget\" data-widget_type=\"text-editor.default\">\n\t\t\t\t<div class=\"elementor-widget-container\">\n\t\t\t\t\t\t\t\t\t<h2><span data-contrast=\"none\">Ce que nous faisons<\/span><span data-ccp-props=\"{}\">\u00a0<\/span><span data-ccp-props=\"{}\">\u00a0<\/span><\/h2><p><span data-contrast=\"none\">Conform\u00e9ment \u00e0 nos statuts, nous sommes l\u00e0 pour aider, informer et conseiller les consommateurs. Nous d\u00e9fendons et repr\u00e9sentons les droits des consommateurs aupr\u00e8s des autorit\u00e9s et des entreprises. Nous offrons notre soutien dans six domaines de services : conseil aux consommateurs, droit de la location, questions \u00e9nerg\u00e9tiques, m\u00e9diation de dettes, consommation durable et orientation en mati\u00e8re de plaintes. Notre mission comprend \u00e9galement la repr\u00e9sentation des int\u00e9r\u00eats des consommateurs au sein de diff\u00e9rents organismes.<\/span><span data-ccp-props=\"{}\">\u00a0<\/span><\/p>\t\t\t\t\t\t\t\t<\/div>\n\t\t\t\t<\/div>\n\t\t\t\t\t<\/div>\n\t\t<\/div>\n\t\t\t\t\t<\/div>\n\t\t<\/section>\n\t\t\t\t<div class=\"elementor-element elementor-element-9b064cc elementor-align-left elementor-widget-mobile__width-inherit elementor-widget__width-initial elementor-widget elementor-widget-raven-button\" data-id=\"9b064cc\" data-element_type=\"widget\" data-e-type=\"widget\" data-settings=\"{&quot;turn_to_popup_action_button&quot;:&quot;no&quot;}\" data-widget_type=\"raven-button.default\">\n\t\t\t\t<div class=\"elementor-widget-container\">\n\t\t\t\t\t\t\t<div class=\"raven-widget-wrapper\">\n\t\t\t<a class=\"raven-button raven-button-widget-normal-effect-none  raven-button-text-align-left raven-button-link elementor-animation-none\" href=\"https:\/\/verbraucherschutzzentrale.be\/ueber-uns\/aufgaben\/\">\t\t\t\t<div class=\"raven-button-overlay\" ><\/div>\n\t\t\t\t<span class=\"raven-button-content\">\n\t\t\t\t\t\n\t\t\t\t\t<div class=\"button-text-container\">\n\t\t\t\t\t\t\t\t\t\t\t\t<div class=\"raven-button-texts-wrapper\">\n\t\t\t\t\t\t\t<div class=\"button-text\">\n\t\t\t\t\t\t\t\t<span class=\"raven-button-text\">\n\t\t\t\t\t\t\t\t\tLes missions de la VSZ\t\t\t\t\t\t\t\t<\/span>\n\t\t\t\t\t\t\t<\/div>\n\t\t\t\t\t\t\t\t\t\t\t\t\t<\/div>\n\t\t\t\t\t\t\t\t\t\t\t<\/div>\n\t\t\t\t\t\n\t\t\t\t\t\t\t\t\t<\/span>\n\t\t\t<\/a>\t\t<\/div>\n\t\t\t\t\t\t<\/div>\n\t\t\t\t<\/div>\n\t\t\t\t<section class=\"elementor-section elementor-inner-section elementor-element elementor-element-76337c5 elementor-section-boxed elementor-section-height-default elementor-section-height-default\" data-id=\"76337c5\" data-element_type=\"section\" data-e-type=\"section\" data-settings=\"{&quot;jet_parallax_layout_list&quot;:[]}\">\n\t\t\t\t\t\t<div class=\"elementor-container elementor-column-gap-default\">\n\t\t\t\t\t<div class=\"elementor-column elementor-col-100 elementor-inner-column elementor-element elementor-element-6358e18\" data-id=\"6358e18\" data-element_type=\"column\" data-e-type=\"column\">\n\t\t\t<div class=\"elementor-widget-wrap\">\n\t\t\t\t\t\t\t<\/div>\n\t\t<\/div>\n\t\t\t\t\t<\/div>\n\t\t<\/section>\n\t\t\t\t\t<\/div>\n\t\t<\/div>\n\t\t\t\t\t<\/div>\n\t\t<\/section>\n\t\t\t\t<\/div>\n\t\t","protected":false},"excerpt":{"rendered":"<p>Bienvenue \u00e0 l\u2019Association de d\u00e9fense des consommateurs\u00a0 L&rsquo;Association de d\u00e9fense des consommateurs A.S.B.L. propose, dans la Communaut\u00e9 germanophone et les communes limitrophes, des services dans le domaine du conseil aux consommateurs, du droit de la location, de la m\u00e9diation de dettes, de la consommation durable et une orientation sur les plaintes. Elle est neutre vis-\u00e0-vis [&hellip;]<\/p>\n","protected":false},"author":1,"featured_media":0,"parent":0,"menu_order":0,"comment_status":"closed","ping_status":"closed","template":"full-width.php","meta":{"_monsterinsights_skip_tracking":false,"_monsterinsights_sitenote_active":false,"_monsterinsights_sitenote_note":"","_monsterinsights_sitenote_category":0,"footnotes":""},"class_list":["post-7018","page","type-page","status-publish","hentry"],"aioseo_notices":[],"_links":{"self":[{"href":"https:\/\/verbraucherschutzzentrale.be\/fr\/wp-json\/wp\/v2\/pages\/7018","targetHints":{"allow":["GET"]}}],"collection":[{"href":"https:\/\/verbraucherschutzzentrale.be\/fr\/wp-json\/wp\/v2\/pages"}],"about":[{"href":"https:\/\/verbraucherschutzzentrale.be\/fr\/wp-json\/wp\/v2\/types\/page"}],"author":[{"embeddable":true,"href":"https:\/\/verbraucherschutzzentrale.be\/fr\/wp-json\/wp\/v2\/users\/1"}],"replies":[{"embeddable":true,"href":"https:\/\/verbraucherschutzzentrale.be\/fr\/wp-json\/wp\/v2\/comments?post=7018"}],"version-history":[{"count":4,"href":"https:\/\/verbraucherschutzzentrale.be\/fr\/wp-json\/wp\/v2\/pages\/7018\/revisions"}],"predecessor-version":[{"id":7023,"href":"https:\/\/verbraucherschutzzentrale.be\/fr\/wp-json\/wp\/v2\/pages\/7018\/revisions\/7023"}],"wp:attachment":[{"href":"https:\/\/verbraucherschutzzentrale.be\/fr\/wp-json\/wp\/v2\/media?parent=7018"}],"curies":[{"name":"wp","href":"https:\/\/api.w.org\/{rel}","templated":true}]}}