{"id":7017,"date":"2022-10-24T12:02:17","date_gmt":"2022-10-24T12:02:17","guid":{"rendered":"https:\/\/verbraucherschutzzentrale.be\/service\/"},"modified":"2026-02-12T16:35:03","modified_gmt":"2026-02-12T16:35:03","slug":"service","status":"publish","type":"page","link":"https:\/\/verbraucherschutzzentrale.be\/fr\/service\/","title":{"rendered":"Service"},"content":{"rendered":"\t\t<div data-elementor-type=\"wp-page\" data-elementor-id=\"7017\" class=\"elementor elementor-7017 elementor-1858\">\n\t\t\t\t\t\t<section class=\"elementor-section elementor-top-section elementor-element elementor-element-c798258 elementor-section-stretched elementor-section-boxed elementor-section-height-default elementor-section-height-default\" data-id=\"c798258\" data-element_type=\"section\" data-e-type=\"section\" data-settings=\"{&quot;jet_parallax_layout_list&quot;:[],&quot;stretch_section&quot;:&quot;section-stretched&quot;,&quot;background_background&quot;:&quot;classic&quot;}\">\n\t\t\t\t\t\t<div class=\"elementor-container elementor-column-gap-wide\">\n\t\t\t\t\t<div class=\"elementor-column elementor-col-50 elementor-top-column elementor-element elementor-element-74a823b\" data-id=\"74a823b\" data-element_type=\"column\" data-e-type=\"column\">\n\t\t\t<div class=\"elementor-widget-wrap elementor-element-populated\">\n\t\t\t\t\t\t<div class=\"elementor-element elementor-element-489e667 elementor-widget elementor-widget-text-editor\" data-id=\"489e667\" data-element_type=\"widget\" data-e-type=\"widget\" data-widget_type=\"text-editor.default\">\n\t\t\t\t<div class=\"elementor-widget-container\">\n\t\t\t\t\t\t\t\t\t<h3><span style=\"color: #058ba5;\">Verbraucherberatung<\/span><\/h3><p>\u00c4rger mit dem Telefonanbieter? Sie m\u00f6chten von einem Kauf zur\u00fccktreten? Der neue Staubsauger ist nach sechs Wochen schon kaputt?<\/p><p>Wir\u00a0<strong>informieren<\/strong>\u00a0Sie \u00fcber Ihre Rechte.<\/p><p>Wir beraten Sie und geben Handlungsempfehlungen, um Ihre Rechte geltend zu machen. Wenn n\u00f6tig,\u00a0<strong>vermitteln<\/strong>\u00a0wir zwischen Ihnen und der Gegenpartei.<\/p>\t\t\t\t\t\t\t\t<\/div>\n\t\t\t\t<\/div>\n\t\t\t\t<div class=\"elementor-element elementor-element-d309399 elementor-widget__width-auto elementor-widget elementor-widget-image\" data-id=\"d309399\" data-element_type=\"widget\" data-e-type=\"widget\" data-widget_type=\"image.default\">\n\t\t\t\t<div class=\"elementor-widget-container\">\n\t\t\t\t\t\t\t\t\t\t\t\t\t\t\t<img decoding=\"async\" src=\"https:\/\/verbraucherschutzzentrale.be\/wp-content\/uploads\/elementor\/thumbs\/pikto-grau-26-qd2uqwc5ip4m03akvlgcxxd5ksxs2ugzxddoyaxtd4.png\" title=\"pikto grau-26\" alt=\"pikto grau-26\" loading=\"lazy\" \/>\t\t\t\t\t\t\t\t\t\t\t\t\t\t\t<\/div>\n\t\t\t\t<\/div>\n\t\t\t\t<div class=\"elementor-element elementor-element-bf80b8b elementor-widget-mobile__width-inherit elementor-widget__width-auto elementor-widget elementor-widget-raven-button\" data-id=\"bf80b8b\" data-element_type=\"widget\" data-e-type=\"widget\" data-settings=\"{&quot;turn_to_popup_action_button&quot;:&quot;no&quot;}\" data-widget_type=\"raven-button.default\">\n\t\t\t\t<div class=\"elementor-widget-container\">\n\t\t\t\t\t\t\t<div class=\"raven-widget-wrapper\">\n\t\t\t<a class=\"raven-button raven-button-widget-normal-effect-none  raven-button-text-align-left raven-button-link elementor-animation-none\" href=\"https:\/\/verbraucherschutzzentrale.be\/service\/verbraucherberatung\/\">\t\t\t\t<div class=\"raven-button-overlay\" ><\/div>\n\t\t\t\t<span class=\"raven-button-content\">\n\t\t\t\t\t\n\t\t\t\t\t<div class=\"button-text-container\">\n\t\t\t\t\t\t\t\t\t\t\t\t<div class=\"raven-button-texts-wrapper\">\n\t\t\t\t\t\t\t<div class=\"button-text\">\n\t\t\t\t\t\t\t\t<span class=\"raven-button-text\">\n\t\t\t\t\t\t\t\t\tZur Verbraucherberatung\t\t\t\t\t\t\t\t<\/span>\n\t\t\t\t\t\t\t<\/div>\n\t\t\t\t\t\t\t\t\t\t\t\t\t<\/div>\n\t\t\t\t\t\t\t\t\t\t\t<\/div>\n\t\t\t\t\t\n\t\t\t\t\t\t\t\t\t<\/span>\n\t\t\t<\/a>\t\t<\/div>\n\t\t\t\t\t\t<\/div>\n\t\t\t\t<\/div>\n\t\t\t\t\t<\/div>\n\t\t<\/div>\n\t\t\t\t<div class=\"elementor-column elementor-col-50 elementor-top-column elementor-element elementor-element-48d3eb6\" data-id=\"48d3eb6\" data-element_type=\"column\" data-e-type=\"column\">\n\t\t\t<div class=\"elementor-widget-wrap elementor-element-populated\">\n\t\t\t\t\t\t<div class=\"elementor-element elementor-element-2cf1bd0 elementor-widget elementor-widget-text-editor\" data-id=\"2cf1bd0\" data-element_type=\"widget\" data-e-type=\"widget\" data-widget_type=\"text-editor.default\">\n\t\t\t\t<div class=\"elementor-widget-container\">\n\t\t\t\t\t\t\t\t\t<h3><span style=\"color: #ea9136;\">Mietrecht<\/span><\/h3><p>Sie m\u00f6chten Ihren\u00a0<strong>Mietvertrag<\/strong>\u00a0k\u00fcndigen? Sie haben eine\u00a0<strong>Mieterh\u00f6hung<\/strong>\u00a0erhalten? Sie haben Zweifel an Ihrer\u00a0<strong>Nebenkostenabrechnung<\/strong>? Sie haben Fragen zum Unterhalt und\u00a0<strong>Reparaturen<\/strong>? etc.<\/p><p>Dann wenden Sie sich an die\u00a0<a href=\"https:\/\/verbraucherschutzzentrale.be\/service\/mietrecht\/#mitarbeiter-mietrecht\"><strong>Mietberatung der VSZ.<\/strong><\/a><\/p>\t\t\t\t\t\t\t\t<\/div>\n\t\t\t\t<\/div>\n\t\t\t\t<div class=\"elementor-element elementor-element-8be204f elementor-widget__width-auto elementor-widget elementor-widget-image\" data-id=\"8be204f\" data-element_type=\"widget\" data-e-type=\"widget\" data-widget_type=\"image.default\">\n\t\t\t\t<div class=\"elementor-widget-container\">\n\t\t\t\t\t\t\t\t\t\t\t\t\t\t\t<img decoding=\"async\" src=\"https:\/\/verbraucherschutzzentrale.be\/wp-content\/uploads\/elementor\/thumbs\/home-piktos-in-weiss-06-qalrz5dia7c73vs3aeeu9r65kshdlash7v62lgjbhk.png\" title=\"home-piktos-in-weiss-06\" alt=\"home-piktos-in-weiss-06\" loading=\"lazy\" \/>\t\t\t\t\t\t\t\t\t\t\t\t\t\t\t<\/div>\n\t\t\t\t<\/div>\n\t\t\t\t<div class=\"elementor-element elementor-element-ccf494b elementor-widget-mobile__width-inherit elementor-widget__width-auto elementor-widget elementor-widget-raven-button\" data-id=\"ccf494b\" data-element_type=\"widget\" data-e-type=\"widget\" data-settings=\"{&quot;turn_to_popup_action_button&quot;:&quot;no&quot;}\" data-widget_type=\"raven-button.default\">\n\t\t\t\t<div class=\"elementor-widget-container\">\n\t\t\t\t\t\t\t<div class=\"raven-widget-wrapper\">\n\t\t\t<a class=\"raven-button raven-button-widget-normal-effect-none  raven-button-text-align-left raven-button-link elementor-animation-none\" href=\"https:\/\/verbraucherschutzzentrale.be\/service\/mietrecht\/\">\t\t\t\t<div class=\"raven-button-overlay\" ><\/div>\n\t\t\t\t<span class=\"raven-button-content\">\n\t\t\t\t\t\n\t\t\t\t\t<div class=\"button-text-container\">\n\t\t\t\t\t\t\t\t\t\t\t\t<div class=\"raven-button-texts-wrapper\">\n\t\t\t\t\t\t\t<div class=\"button-text\">\n\t\t\t\t\t\t\t\t<span class=\"raven-button-text\">\n\t\t\t\t\t\t\t\t\tZur Mietrechtberatung\t\t\t\t\t\t\t\t<\/span>\n\t\t\t\t\t\t\t<\/div>\n\t\t\t\t\t\t\t\t\t\t\t\t\t<\/div>\n\t\t\t\t\t\t\t\t\t\t\t<\/div>\n\t\t\t\t\t\n\t\t\t\t\t\t\t\t\t<\/span>\n\t\t\t<\/a>\t\t<\/div>\n\t\t\t\t\t\t<\/div>\n\t\t\t\t<\/div>\n\t\t\t\t\t<\/div>\n\t\t<\/div>\n\t\t\t\t\t<\/div>\n\t\t<\/section>\n\t\t\t\t<section class=\"elementor-section elementor-top-section elementor-element elementor-element-565bc1b elementor-section-stretched elementor-section-boxed elementor-section-height-default elementor-section-height-default\" data-id=\"565bc1b\" data-element_type=\"section\" data-e-type=\"section\" data-settings=\"{&quot;jet_parallax_layout_list&quot;:[],&quot;stretch_section&quot;:&quot;section-stretched&quot;}\">\n\t\t\t\t\t\t<div class=\"elementor-container elementor-column-gap-wide\">\n\t\t\t\t\t<div class=\"elementor-column elementor-col-50 elementor-top-column elementor-element elementor-element-351c2cf\" data-id=\"351c2cf\" data-element_type=\"column\" data-e-type=\"column\">\n\t\t\t<div class=\"elementor-widget-wrap elementor-element-populated\">\n\t\t\t\t\t\t<div class=\"elementor-element elementor-element-49756c5 elementor-widget elementor-widget-text-editor\" data-id=\"49756c5\" data-element_type=\"widget\" data-e-type=\"widget\" data-widget_type=\"text-editor.default\">\n\t\t\t\t<div class=\"elementor-widget-container\">\n\t\t\t\t\t\t\t\t\t<h3><span style=\"color: #a82281;\">Schuldnerberatung<\/span><\/h3><p>Wir stehen \u00fcberschuldeten Personen bei Ihrem Weg aus der \u00dcberschuldung\u00a0<strong>beratend zur Seite<\/strong>\u00a0und suchen gemeinsam nach<strong>\u00a0f\u00fcr alle Parteien zufriedenstellenden L\u00f6sungen<\/strong>.<\/p><p>Im Rahmen unseres Schuldenpr\u00e4ventionkonzeptes bieten wir auch Workshops an.<\/p>\t\t\t\t\t\t\t\t<\/div>\n\t\t\t\t<\/div>\n\t\t\t\t<div class=\"elementor-element elementor-element-6446268 elementor-widget__width-auto elementor-widget elementor-widget-image\" data-id=\"6446268\" data-element_type=\"widget\" data-e-type=\"widget\" data-widget_type=\"image.default\">\n\t\t\t\t<div class=\"elementor-widget-container\">\n\t\t\t\t\t\t\t\t\t\t\t\t\t\t\t<img decoding=\"async\" src=\"https:\/\/verbraucherschutzzentrale.be\/wp-content\/uploads\/elementor\/thumbs\/pikto-grau-25-qd2uqugh5121cvdb6kn3sxu8e171ng9j942pzr0lpk.png\" title=\"pikto grau-25\" alt=\"pikto grau-25\" loading=\"lazy\" \/>\t\t\t\t\t\t\t\t\t\t\t\t\t\t\t<\/div>\n\t\t\t\t<\/div>\n\t\t\t\t<div class=\"elementor-element elementor-element-2d469a2 elementor-widget-mobile__width-inherit elementor-widget__width-auto elementor-widget elementor-widget-raven-button\" data-id=\"2d469a2\" data-element_type=\"widget\" data-e-type=\"widget\" data-settings=\"{&quot;turn_to_popup_action_button&quot;:&quot;no&quot;}\" data-widget_type=\"raven-button.default\">\n\t\t\t\t<div class=\"elementor-widget-container\">\n\t\t\t\t\t\t\t<div class=\"raven-widget-wrapper\">\n\t\t\t<a class=\"raven-button raven-button-widget-normal-effect-none  raven-button-text-align-left raven-button-link elementor-animation-none\" href=\"https:\/\/verbraucherschutzzentrale.be\/service\/schuldnerberatung\/\">\t\t\t\t<div class=\"raven-button-overlay\" ><\/div>\n\t\t\t\t<span class=\"raven-button-content\">\n\t\t\t\t\t\n\t\t\t\t\t<div class=\"button-text-container\">\n\t\t\t\t\t\t\t\t\t\t\t\t<div class=\"raven-button-texts-wrapper\">\n\t\t\t\t\t\t\t<div class=\"button-text\">\n\t\t\t\t\t\t\t\t<span class=\"raven-button-text\">\n\t\t\t\t\t\t\t\t\tZur Schuldnerberatung\t\t\t\t\t\t\t\t<\/span>\n\t\t\t\t\t\t\t<\/div>\n\t\t\t\t\t\t\t\t\t\t\t\t\t<\/div>\n\t\t\t\t\t\t\t\t\t\t\t<\/div>\n\t\t\t\t\t\n\t\t\t\t\t\t\t\t\t<\/span>\n\t\t\t<\/a>\t\t<\/div>\n\t\t\t\t\t\t<\/div>\n\t\t\t\t<\/div>\n\t\t\t\t\t<\/div>\n\t\t<\/div>\n\t\t\t\t<div class=\"elementor-column elementor-col-50 elementor-top-column elementor-element elementor-element-ad148ad\" data-id=\"ad148ad\" data-element_type=\"column\" data-e-type=\"column\">\n\t\t\t<div class=\"elementor-widget-wrap elementor-element-populated\">\n\t\t\t\t\t\t<div class=\"elementor-element elementor-element-acce25c elementor-widget elementor-widget-text-editor\" data-id=\"acce25c\" data-element_type=\"widget\" data-e-type=\"widget\" data-widget_type=\"text-editor.default\">\n\t\t\t\t<div class=\"elementor-widget-container\">\n\t\t\t\t\t\t\t\t\t<h3><span style=\"color: #99cc00;\">Energie<\/span><\/h3><p>Wasser, Gas, Strom, Heiz\u00f6l, Pellets.<\/p><p>Wir beraten Sie bei Fragen zu\u00a0<strong>Energievertr\u00e4gen, Rechnungen und Anbieterwechsel.<\/strong><\/p><p>Wir kontaktieren Ihren Energieversorger bei\u00a0<strong>Reklamationen<\/strong>.<\/p><p>Reagiert das Energieunternehmen nicht wie gew\u00fcnscht, reichen wir f\u00fcr Sie eine\u00a0<strong>Beschwerde<\/strong>\u00a0beim zust\u00e4ndigen Ombudsdienst ein.<\/p>\t\t\t\t\t\t\t\t<\/div>\n\t\t\t\t<\/div>\n\t\t\t\t<div class=\"elementor-element elementor-element-cf3736c elementor-widget__width-auto elementor-widget elementor-widget-image\" data-id=\"cf3736c\" data-element_type=\"widget\" data-e-type=\"widget\" data-widget_type=\"image.default\">\n\t\t\t\t<div class=\"elementor-widget-container\">\n\t\t\t\t\t\t\t\t\t\t\t\t\t\t\t<img decoding=\"async\" src=\"https:\/\/verbraucherschutzzentrale.be\/wp-content\/uploads\/elementor\/thumbs\/pikto-grau-27-qd2uqx9zpj5wbp97q3uzif4m66t5ajkq9i16fkwf6w.png\" title=\"pikto grau-27\" alt=\"pikto grau-27\" loading=\"lazy\" \/>\t\t\t\t\t\t\t\t\t\t\t\t\t\t\t<\/div>\n\t\t\t\t<\/div>\n\t\t\t\t<div class=\"elementor-element elementor-element-09945bc elementor-widget-mobile__width-inherit elementor-widget__width-auto elementor-widget elementor-widget-raven-button\" data-id=\"09945bc\" data-element_type=\"widget\" data-e-type=\"widget\" data-settings=\"{&quot;turn_to_popup_action_button&quot;:&quot;no&quot;}\" data-widget_type=\"raven-button.default\">\n\t\t\t\t<div class=\"elementor-widget-container\">\n\t\t\t\t\t\t\t<div class=\"raven-widget-wrapper\">\n\t\t\t<a class=\"raven-button raven-button-widget-normal-effect-none  raven-button-text-align-left raven-button-link elementor-animation-none\" href=\"https:\/\/verbraucherschutzzentrale.be\/service\/energie\/\">\t\t\t\t<div class=\"raven-button-overlay\" ><\/div>\n\t\t\t\t<span class=\"raven-button-content\">\n\t\t\t\t\t\n\t\t\t\t\t<div class=\"button-text-container\">\n\t\t\t\t\t\t\t\t\t\t\t\t<div class=\"raven-button-texts-wrapper\">\n\t\t\t\t\t\t\t<div class=\"button-text\">\n\t\t\t\t\t\t\t\t<span class=\"raven-button-text\">\n\t\t\t\t\t\t\t\t\tMehr zu Energie\t\t\t\t\t\t\t\t<\/span>\n\t\t\t\t\t\t\t<\/div>\n\t\t\t\t\t\t\t\t\t\t\t\t\t<\/div>\n\t\t\t\t\t\t\t\t\t\t\t<\/div>\n\t\t\t\t\t\n\t\t\t\t\t\t\t\t\t<\/span>\n\t\t\t<\/a>\t\t<\/div>\n\t\t\t\t\t\t<\/div>\n\t\t\t\t<\/div>\n\t\t\t\t\t<\/div>\n\t\t<\/div>\n\t\t\t\t\t<\/div>\n\t\t<\/section>\n\t\t\t\t<section class=\"elementor-section elementor-top-section elementor-element elementor-element-7445cfd elementor-section-boxed elementor-section-height-default elementor-section-height-default\" data-id=\"7445cfd\" data-element_type=\"section\" data-e-type=\"section\" data-settings=\"{&quot;jet_parallax_layout_list&quot;:[]}\">\n\t\t\t\t\t\t<div class=\"elementor-container elementor-column-gap-default\">\n\t\t\t\t\t<div class=\"elementor-column elementor-col-100 elementor-top-column elementor-element elementor-element-c6d4d84\" data-id=\"c6d4d84\" data-element_type=\"column\" data-e-type=\"column\">\n\t\t\t<div class=\"elementor-widget-wrap elementor-element-populated\">\n\t\t\t\t\t\t<div class=\"elementor-element elementor-element-2107f77 elementor-widget elementor-widget-spacer\" data-id=\"2107f77\" data-element_type=\"widget\" data-e-type=\"widget\" data-widget_type=\"spacer.default\">\n\t\t\t\t<div class=\"elementor-widget-container\">\n\t\t\t\t\t\t\t<div class=\"elementor-spacer\">\n\t\t\t<div class=\"elementor-spacer-inner\"><\/div>\n\t\t<\/div>\n\t\t\t\t\t\t<\/div>\n\t\t\t\t<\/div>\n\t\t\t\t\t<\/div>\n\t\t<\/div>\n\t\t\t\t\t<\/div>\n\t\t<\/section>\n\t\t\t\t<\/div>\n\t\t","protected":false},"excerpt":{"rendered":"<p>Verbraucherberatung \u00c4rger mit dem Telefonanbieter? Sie m\u00f6chten von einem Kauf zur\u00fccktreten? Der neue Staubsauger ist nach sechs Wochen schon kaputt? Wir\u00a0informieren\u00a0Sie \u00fcber Ihre Rechte. Wir beraten Sie und geben Handlungsempfehlungen, um Ihre Rechte geltend zu machen. Wenn n\u00f6tig,\u00a0vermitteln\u00a0wir zwischen Ihnen und der Gegenpartei. Zur Verbraucherberatung Mietrecht Sie m\u00f6chten Ihren\u00a0Mietvertrag\u00a0k\u00fcndigen? Sie haben eine\u00a0Mieterh\u00f6hung\u00a0erhalten? Sie haben Zweifel [&hellip;]<\/p>\n","protected":false},"author":1,"featured_media":0,"parent":0,"menu_order":0,"comment_status":"closed","ping_status":"closed","template":"","meta":{"_monsterinsights_skip_tracking":false,"_monsterinsights_sitenote_active":false,"_monsterinsights_sitenote_note":"","_monsterinsights_sitenote_category":0,"footnotes":""},"class_list":["post-7017","page","type-page","status-publish","hentry"],"aioseo_notices":[],"_links":{"self":[{"href":"https:\/\/verbraucherschutzzentrale.be\/fr\/wp-json\/wp\/v2\/pages\/7017","targetHints":{"allow":["GET"]}}],"collection":[{"href":"https:\/\/verbraucherschutzzentrale.be\/fr\/wp-json\/wp\/v2\/pages"}],"about":[{"href":"https:\/\/verbraucherschutzzentrale.be\/fr\/wp-json\/wp\/v2\/types\/page"}],"author":[{"embeddable":true,"href":"https:\/\/verbraucherschutzzentrale.be\/fr\/wp-json\/wp\/v2\/users\/1"}],"replies":[{"embeddable":true,"href":"https:\/\/verbraucherschutzzentrale.be\/fr\/wp-json\/wp\/v2\/comments?post=7017"}],"version-history":[{"count":31,"href":"https:\/\/verbraucherschutzzentrale.be\/fr\/wp-json\/wp\/v2\/pages\/7017\/revisions"}],"predecessor-version":[{"id":11691,"href":"https:\/\/verbraucherschutzzentrale.be\/fr\/wp-json\/wp\/v2\/pages\/7017\/revisions\/11691"}],"wp:attachment":[{"href":"https:\/\/verbraucherschutzzentrale.be\/fr\/wp-json\/wp\/v2\/media?parent=7017"}],"curies":[{"name":"wp","href":"https:\/\/api.w.org\/{rel}","templated":true}]}}