{"id":6941,"date":"2023-08-08T13:11:23","date_gmt":"2023-08-08T13:11:23","guid":{"rendered":"https:\/\/verbraucherschutzzentrale.be\/artikel\/freizeit\/"},"modified":"2024-01-12T12:44:58","modified_gmt":"2024-01-12T12:44:58","slug":"loisirs-voyages","status":"publish","type":"page","link":"https:\/\/verbraucherschutzzentrale.be\/fr\/artikel\/loisirs-voyages\/","title":{"rendered":"Loisirs &#038; voyages"},"content":{"rendered":"\t\t<div data-elementor-type=\"wp-page\" data-elementor-id=\"6941\" class=\"elementor elementor-6941 elementor-3743\">\n\t\t\t\t\t\t<section class=\"elementor-section elementor-top-section elementor-element elementor-element-a640785 elementor-section-boxed elementor-section-height-default elementor-section-height-default\" data-id=\"a640785\" data-element_type=\"section\" data-e-type=\"section\" data-settings=\"{&quot;jet_parallax_layout_list&quot;:[{&quot;jet_parallax_layout_image&quot;:{&quot;url&quot;:&quot;&quot;,&quot;id&quot;:&quot;&quot;,&quot;size&quot;:&quot;&quot;},&quot;_id&quot;:&quot;4e1ca47&quot;,&quot;jet_parallax_layout_image_tablet&quot;:{&quot;url&quot;:&quot;&quot;,&quot;id&quot;:&quot;&quot;,&quot;size&quot;:&quot;&quot;},&quot;jet_parallax_layout_image_mobile&quot;:{&quot;url&quot;:&quot;&quot;,&quot;id&quot;:&quot;&quot;,&quot;size&quot;:&quot;&quot;},&quot;jet_parallax_layout_speed&quot;:{&quot;unit&quot;:&quot;%&quot;,&quot;size&quot;:&quot;50&quot;,&quot;sizes&quot;:[]},&quot;jet_parallax_layout_bg_x&quot;:&quot;50&quot;,&quot;jet_parallax_layout_bg_y&quot;:&quot;50&quot;,&quot;jet_parallax_layout_type&quot;:&quot;scroll&quot;,&quot;jet_parallax_layout_direction&quot;:&quot;1&quot;,&quot;jet_parallax_layout_fx_direction&quot;:null,&quot;jet_parallax_layout_z_index&quot;:&quot;&quot;,&quot;jet_parallax_layout_bg_x_tablet&quot;:&quot;&quot;,&quot;jet_parallax_layout_bg_x_mobile&quot;:&quot;&quot;,&quot;jet_parallax_layout_bg_y_tablet&quot;:&quot;&quot;,&quot;jet_parallax_layout_bg_y_mobile&quot;:&quot;&quot;,&quot;jet_parallax_layout_bg_size&quot;:&quot;auto&quot;,&quot;jet_parallax_layout_bg_size_tablet&quot;:&quot;&quot;,&quot;jet_parallax_layout_bg_size_mobile&quot;:&quot;&quot;,&quot;jet_parallax_layout_animation_prop&quot;:&quot;transform&quot;,&quot;jet_parallax_layout_on&quot;:[&quot;desktop&quot;,&quot;tablet&quot;]}]}\">\n\t\t\t\t\t\t<div class=\"elementor-container elementor-column-gap-no\">\n\t\t\t\t\t<div class=\"elementor-column elementor-col-100 elementor-top-column elementor-element elementor-element-10241e9\" data-id=\"10241e9\" data-element_type=\"column\" data-e-type=\"column\">\n\t\t\t<div class=\"elementor-widget-wrap elementor-element-populated\">\n\t\t\t\t\t\t<div class=\"elementor-element elementor-element-34fb63c elementor-align-center elementor-widget elementor-widget-raven-breadcrumbs\" data-id=\"34fb63c\" data-element_type=\"widget\" data-e-type=\"widget\" data-widget_type=\"raven-breadcrumbs.default\">\n\t\t\t\t<div class=\"elementor-widget-container\">\n\t\t\t\t\t<div class=\"raven-breadcrumbs raven-breadcrumbs-default\"><div class=\"breadcrumb\">\t\t\t\t<div class=\"breadcrumb-item active\" aria-current=\"page\"><span>Home<\/span><\/div>\n\n\t\t\t\t<\/div><\/div>\t\t\t\t<\/div>\n\t\t\t\t<\/div>\n\t\t\t\t<div class=\"elementor-element elementor-element-c1f010e elementor-widget elementor-widget-heading\" data-id=\"c1f010e\" data-element_type=\"widget\" data-e-type=\"widget\" data-widget_type=\"heading.default\">\n\t\t\t\t<div class=\"elementor-widget-container\">\n\t\t\t\t\t<h1 class=\"elementor-heading-title elementor-size-default\">Freizeit<\/h1>\t\t\t\t<\/div>\n\t\t\t\t<\/div>\n\t\t\t\t<div class=\"elementor-element elementor-element-9e7326d elementor-widget elementor-widget-raven-posts\" data-id=\"9e7326d\" data-element_type=\"widget\" data-e-type=\"widget\" data-settings=\"{&quot;query_posts_per_page&quot;:-1,&quot;_skin&quot;:&quot;classic&quot;,&quot;classic_layout&quot;:&quot;grid&quot;,&quot;classic_columns&quot;:&quot;3&quot;,&quot;classic_columns_tablet&quot;:&quot;2&quot;,&quot;classic_columns_mobile&quot;:&quot;1&quot;,&quot;query_offset&quot;:0}\" data-widget_type=\"raven-posts.classic\">\n\t\t\t\t<div class=\"elementor-widget-container\">\n\t\t\t\t\t\t\t<div class=\"raven-posts raven-grid raven-grid-3 raven-grid-mobile-1 raven-grid-tablet-2\" data-post-id=\"6941\" data-archive-query=\"\" data-lang=\"\">\n\t\t\t\t<div class=\"raven-grid-item raven-post-item post-11998 post type-post status-publish format-standard has-post-thumbnail hentry category-marche-droit category-mobilite\">\n\t\t\t<div class=\"raven-post elementor-animation-grow-rotate\">\n\t\t\t\t\t\t<div class=\"raven-post-image-wrap\">\n\t\t\t<a class=\"raven-post-image raven-image-fit\" href=\"https:\/\/verbraucherschutzzentrale.be\/fr\/greve-a-laeroport-quels-sont-mes-droits\/\"><img fetchpriority=\"high\" decoding=\"async\" width=\"1024\" height=\"768\" src=\"https:\/\/verbraucherschutzzentrale.be\/wp-content\/uploads\/2026\/03\/AdobeStock_39440926-1024x768.jpg\" class=\"attachment-large size-large wp-image-11888\" alt=\"\" srcset=\"https:\/\/verbraucherschutzzentrale.be\/wp-content\/uploads\/2026\/03\/AdobeStock_39440926-1024x768.jpg 1024w, https:\/\/verbraucherschutzzentrale.be\/wp-content\/uploads\/2026\/03\/AdobeStock_39440926-300x225.jpg 300w, https:\/\/verbraucherschutzzentrale.be\/wp-content\/uploads\/2026\/03\/AdobeStock_39440926-768x576.jpg 768w, https:\/\/verbraucherschutzzentrale.be\/wp-content\/uploads\/2026\/03\/AdobeStock_39440926-1536x1152.jpg 1536w, https:\/\/verbraucherschutzzentrale.be\/wp-content\/uploads\/2026\/03\/AdobeStock_39440926-2048x1536.jpg 2048w\" sizes=\"(max-width: 1024px) 100vw, 1024px\" \/> <span class=\"raven-post-image-overlay\"><\/span><\/a>\t\t<\/div>\n\t\t\t\t\t\t<div class=\"raven-post-content\">\n\t\t\t\t\t\t\t<div class=\"raven-post-meta\"><a class=\"raven-post-meta-item raven-post-date\" href=\"https:\/\/verbraucherschutzzentrale.be\/fr\/2026\/03\/\" rel=\"bookmark\">30 mars 2026<\/a><\/div>\n\t\t<h2 class=\"raven-post-title\"><a class=\"raven-post-title-link\" href=\"https:\/\/verbraucherschutzzentrale.be\/fr\/greve-a-laeroport-quels-sont-mes-droits\/\">Gr\u00e8ve \u00e0 l\u2019a\u00e9roport : quels sont mes droits ?<\/a><\/h2>\t\t\t\t<\/div>\n\t\t\t<\/div>\n\t\t<\/div>\n\t\t\t\t<div class=\"raven-grid-item raven-post-item post-12005 post type-post status-publish format-standard has-post-thumbnail hentry category-fraude category-mobilite\">\n\t\t\t<div class=\"raven-post elementor-animation-grow-rotate\">\n\t\t\t\t\t\t<div class=\"raven-post-image-wrap\">\n\t\t\t<a class=\"raven-post-image raven-image-fit\" href=\"https:\/\/verbraucherschutzzentrale.be\/fr\/fraude-aux-autorisations-de-voyage-electroniques\/\"><img decoding=\"async\" width=\"1024\" height=\"683\" src=\"https:\/\/verbraucherschutzzentrale.be\/wp-content\/uploads\/2026\/03\/AdobeStock_883976154-1024x683.jpg\" class=\"attachment-large size-large wp-image-11952\" alt=\"\" srcset=\"https:\/\/verbraucherschutzzentrale.be\/wp-content\/uploads\/2026\/03\/AdobeStock_883976154-1024x683.jpg 1024w, https:\/\/verbraucherschutzzentrale.be\/wp-content\/uploads\/2026\/03\/AdobeStock_883976154-300x200.jpg 300w, https:\/\/verbraucherschutzzentrale.be\/wp-content\/uploads\/2026\/03\/AdobeStock_883976154-768x512.jpg 768w, https:\/\/verbraucherschutzzentrale.be\/wp-content\/uploads\/2026\/03\/AdobeStock_883976154-1536x1024.jpg 1536w, https:\/\/verbraucherschutzzentrale.be\/wp-content\/uploads\/2026\/03\/AdobeStock_883976154.jpg 1624w\" sizes=\"(max-width: 1024px) 100vw, 1024px\" \/> <span class=\"raven-post-image-overlay\"><\/span><\/a>\t\t<\/div>\n\t\t\t\t\t\t<div class=\"raven-post-content\">\n\t\t\t\t\t\t\t<div class=\"raven-post-meta\"><a class=\"raven-post-meta-item raven-post-date\" href=\"https:\/\/verbraucherschutzzentrale.be\/fr\/2026\/03\/\" rel=\"bookmark\">25 mars 2026<\/a><\/div>\n\t\t<h2 class=\"raven-post-title\"><a class=\"raven-post-title-link\" href=\"https:\/\/verbraucherschutzzentrale.be\/fr\/fraude-aux-autorisations-de-voyage-electroniques\/\">Fraude aux autorisations de voyage \u00e9lectroniques<\/a><\/h2>\t\t\t\t<\/div>\n\t\t\t<\/div>\n\t\t<\/div>\n\t\t\t\t<div class=\"raven-grid-item raven-post-item post-8681 post type-post status-publish format-standard has-post-thumbnail hentry category-marche-droit category-mobilite\">\n\t\t\t<div class=\"raven-post elementor-animation-grow-rotate\">\n\t\t\t\t\t\t<div class=\"raven-post-image-wrap\">\n\t\t\t<a class=\"raven-post-image raven-image-fit\" href=\"https:\/\/verbraucherschutzzentrale.be\/fr\/voyages-a-forfait\/\"><img decoding=\"async\" width=\"1024\" height=\"678\" src=\"https:\/\/verbraucherschutzzentrale.be\/wp-content\/uploads\/2024\/07\/oa-pauschalreisen-1024x678.jpg\" class=\"attachment-large size-large wp-image-8111\" alt=\"\" srcset=\"https:\/\/verbraucherschutzzentrale.be\/wp-content\/uploads\/2024\/07\/oa-pauschalreisen-1024x678.jpg 1024w, https:\/\/verbraucherschutzzentrale.be\/wp-content\/uploads\/2024\/07\/oa-pauschalreisen-300x199.jpg 300w, https:\/\/verbraucherschutzzentrale.be\/wp-content\/uploads\/2024\/07\/oa-pauschalreisen-768x509.jpg 768w, https:\/\/verbraucherschutzzentrale.be\/wp-content\/uploads\/2024\/07\/oa-pauschalreisen-1536x1017.jpg 1536w, https:\/\/verbraucherschutzzentrale.be\/wp-content\/uploads\/2024\/07\/oa-pauschalreisen-2048x1356.jpg 2048w\" sizes=\"(max-width: 1024px) 100vw, 1024px\" \/> <span class=\"raven-post-image-overlay\"><\/span><\/a>\t\t<\/div>\n\t\t\t\t\t\t<div class=\"raven-post-content\">\n\t\t\t\t\t\t\t<div class=\"raven-post-meta\"><a class=\"raven-post-meta-item raven-post-date\" href=\"https:\/\/verbraucherschutzzentrale.be\/fr\/2025\/08\/\" rel=\"bookmark\">27 ao\u00fbt 2025<\/a><\/div>\n\t\t<h2 class=\"raven-post-title\"><a class=\"raven-post-title-link\" href=\"https:\/\/verbraucherschutzzentrale.be\/fr\/voyages-a-forfait\/\">Voyages \u00e0 forfait<\/a><\/h2>\t\t\t\t<\/div>\n\t\t\t<\/div>\n\t\t<\/div>\n\t\t\t\t<div class=\"raven-grid-item raven-post-item post-8072 post type-post status-publish format-standard has-post-thumbnail hentry category-mobilite category-sante-alimentation\">\n\t\t\t<div class=\"raven-post elementor-animation-grow-rotate\">\n\t\t\t\t\t\t<div class=\"raven-post-image-wrap\">\n\t\t\t<a class=\"raven-post-image raven-image-fit\" href=\"https:\/\/verbraucherschutzzentrale.be\/fr\/se-proteger-du-soleil\/\"><img loading=\"lazy\" decoding=\"async\" width=\"1024\" height=\"683\" src=\"https:\/\/verbraucherschutzzentrale.be\/wp-content\/uploads\/2024\/06\/Fotolia_62343044_L-1024x683.jpg\" class=\"attachment-large size-large wp-image-7945\" alt=\"\" srcset=\"https:\/\/verbraucherschutzzentrale.be\/wp-content\/uploads\/2024\/06\/Fotolia_62343044_L-1024x683.jpg 1024w, https:\/\/verbraucherschutzzentrale.be\/wp-content\/uploads\/2024\/06\/Fotolia_62343044_L-300x200.jpg 300w, https:\/\/verbraucherschutzzentrale.be\/wp-content\/uploads\/2024\/06\/Fotolia_62343044_L-768x512.jpg 768w, https:\/\/verbraucherschutzzentrale.be\/wp-content\/uploads\/2024\/06\/Fotolia_62343044_L.jpg 1178w\" sizes=\"(max-width: 1024px) 100vw, 1024px\" \/> <span class=\"raven-post-image-overlay\"><\/span><\/a>\t\t<\/div>\n\t\t\t\t\t\t<div class=\"raven-post-content\">\n\t\t\t\t\t\t\t<div class=\"raven-post-meta\"><a class=\"raven-post-meta-item raven-post-date\" href=\"https:\/\/verbraucherschutzzentrale.be\/fr\/2025\/06\/\" rel=\"bookmark\">4 juin 2025<\/a><\/div>\n\t\t<h2 class=\"raven-post-title\"><a class=\"raven-post-title-link\" href=\"https:\/\/verbraucherschutzzentrale.be\/fr\/se-proteger-du-soleil\/\">Se prot\u00e9ger du soleil<\/a><\/h2>\t\t\t\t<\/div>\n\t\t\t<\/div>\n\t\t<\/div>\n\t\t\t\t<div class=\"raven-grid-item raven-post-item post-9713 post type-post status-publish format-standard has-post-thumbnail hentry category-marche-droit category-mobilite\">\n\t\t\t<div class=\"raven-post elementor-animation-grow-rotate\">\n\t\t\t\t\t\t<div class=\"raven-post-image-wrap\">\n\t\t\t<a class=\"raven-post-image raven-image-fit\" href=\"https:\/\/verbraucherschutzzentrale.be\/fr\/assurances-voyage\/\"><img loading=\"lazy\" decoding=\"async\" width=\"1024\" height=\"683\" src=\"https:\/\/verbraucherschutzzentrale.be\/wp-content\/uploads\/2025\/05\/AdobeStock_113614962-1024x683.jpg\" class=\"attachment-large size-large wp-image-9653\" alt=\"\" srcset=\"https:\/\/verbraucherschutzzentrale.be\/wp-content\/uploads\/2025\/05\/AdobeStock_113614962-1024x683.jpg 1024w, https:\/\/verbraucherschutzzentrale.be\/wp-content\/uploads\/2025\/05\/AdobeStock_113614962-300x200.jpg 300w, https:\/\/verbraucherschutzzentrale.be\/wp-content\/uploads\/2025\/05\/AdobeStock_113614962-768x512.jpg 768w, https:\/\/verbraucherschutzzentrale.be\/wp-content\/uploads\/2025\/05\/AdobeStock_113614962.jpg 1488w\" sizes=\"(max-width: 1024px) 100vw, 1024px\" \/> <span class=\"raven-post-image-overlay\"><\/span><\/a>\t\t<\/div>\n\t\t\t\t\t\t<div class=\"raven-post-content\">\n\t\t\t\t\t\t\t<div class=\"raven-post-meta\"><a class=\"raven-post-meta-item raven-post-date\" href=\"https:\/\/verbraucherschutzzentrale.be\/fr\/2025\/06\/\" rel=\"bookmark\">3 juin 2025<\/a><\/div>\n\t\t<h2 class=\"raven-post-title\"><a class=\"raven-post-title-link\" href=\"https:\/\/verbraucherschutzzentrale.be\/fr\/assurances-voyage\/\">Assurances voyage<\/a><\/h2>\t\t\t\t<\/div>\n\t\t\t<\/div>\n\t\t<\/div>\n\t\t\t\t<div class=\"raven-grid-item raven-post-item post-9495 post type-post status-publish format-standard has-post-thumbnail hentry category-mobilite\">\n\t\t\t<div class=\"raven-post elementor-animation-grow-rotate\">\n\t\t\t\t\t\t<div class=\"raven-post-image-wrap\">\n\t\t\t<a class=\"raven-post-image raven-image-fit\" href=\"https:\/\/verbraucherschutzzentrale.be\/fr\/reservations-de-voyages\/\"><img loading=\"lazy\" decoding=\"async\" width=\"1024\" height=\"661\" src=\"https:\/\/verbraucherschutzzentrale.be\/wp-content\/uploads\/2024\/03\/7308479-1024x661.jpg\" class=\"attachment-large size-large wp-image-7335\" alt=\"\" srcset=\"https:\/\/verbraucherschutzzentrale.be\/wp-content\/uploads\/2024\/03\/7308479-1024x661.jpg 1024w, https:\/\/verbraucherschutzzentrale.be\/wp-content\/uploads\/2024\/03\/7308479-300x194.jpg 300w, https:\/\/verbraucherschutzzentrale.be\/wp-content\/uploads\/2024\/03\/7308479-768x496.jpg 768w, https:\/\/verbraucherschutzzentrale.be\/wp-content\/uploads\/2024\/03\/7308479-1536x992.jpg 1536w, https:\/\/verbraucherschutzzentrale.be\/wp-content\/uploads\/2024\/03\/7308479-2048x1323.jpg 2048w\" sizes=\"(max-width: 1024px) 100vw, 1024px\" \/> <span class=\"raven-post-image-overlay\"><\/span><\/a>\t\t<\/div>\n\t\t\t\t\t\t<div class=\"raven-post-content\">\n\t\t\t\t\t\t\t<div class=\"raven-post-meta\"><a class=\"raven-post-meta-item raven-post-date\" href=\"https:\/\/verbraucherschutzzentrale.be\/fr\/2025\/01\/\" rel=\"bookmark\">29 janvier 2025<\/a><\/div>\n\t\t<h2 class=\"raven-post-title\"><a class=\"raven-post-title-link\" href=\"https:\/\/verbraucherschutzzentrale.be\/fr\/reservations-de-voyages\/\">R\u00e9servations de voyages<\/a><\/h2>\t\t\t\t<\/div>\n\t\t\t<\/div>\n\t\t<\/div>\n\t\t\t\t<div class=\"raven-grid-item raven-post-item post-8676 post type-post status-publish format-standard has-post-thumbnail hentry category-mobilite\">\n\t\t\t<div class=\"raven-post elementor-animation-grow-rotate\">\n\t\t\t\t\t\t<div class=\"raven-post-image-wrap\">\n\t\t\t<a class=\"raven-post-image raven-image-fit\" href=\"https:\/\/verbraucherschutzzentrale.be\/fr\/aller-a-lecole-en-toute-securite\/\"><img loading=\"lazy\" decoding=\"async\" width=\"1024\" height=\"683\" src=\"https:\/\/verbraucherschutzzentrale.be\/wp-content\/uploads\/2024\/08\/AdobeStock_13371033-1024x683.jpg\" class=\"attachment-large size-large wp-image-8208\" alt=\"\" srcset=\"https:\/\/verbraucherschutzzentrale.be\/wp-content\/uploads\/2024\/08\/AdobeStock_13371033-1024x683.jpg 1024w, https:\/\/verbraucherschutzzentrale.be\/wp-content\/uploads\/2024\/08\/AdobeStock_13371033-300x200.jpg 300w, https:\/\/verbraucherschutzzentrale.be\/wp-content\/uploads\/2024\/08\/AdobeStock_13371033-768x512.jpg 768w, https:\/\/verbraucherschutzzentrale.be\/wp-content\/uploads\/2024\/08\/AdobeStock_13371033-1536x1024.jpg 1536w, https:\/\/verbraucherschutzzentrale.be\/wp-content\/uploads\/2024\/08\/AdobeStock_13371033-2048x1365.jpg 2048w\" sizes=\"(max-width: 1024px) 100vw, 1024px\" \/> <span class=\"raven-post-image-overlay\"><\/span><\/a>\t\t<\/div>\n\t\t\t\t\t\t<div class=\"raven-post-content\">\n\t\t\t\t\t\t\t<div class=\"raven-post-meta\"><a class=\"raven-post-meta-item raven-post-date\" href=\"https:\/\/verbraucherschutzzentrale.be\/fr\/2024\/08\/\" rel=\"bookmark\">22 ao\u00fbt 2024<\/a><\/div>\n\t\t<h2 class=\"raven-post-title\"><a class=\"raven-post-title-link\" href=\"https:\/\/verbraucherschutzzentrale.be\/fr\/aller-a-lecole-en-toute-securite\/\">Aller \u00e0 l&rsquo;\u00e9cole en toute s\u00e9curit\u00e9<\/a><\/h2>\t\t\t\t<\/div>\n\t\t\t<\/div>\n\t\t<\/div>\n\t\t\t\t<div class=\"raven-grid-item raven-post-item post-8581 post type-post status-publish format-standard has-post-thumbnail hentry category-mobilite category-sante-alimentation\">\n\t\t\t<div class=\"raven-post elementor-animation-grow-rotate\">\n\t\t\t\t\t\t<div class=\"raven-post-image-wrap\">\n\t\t\t<a class=\"raven-post-image raven-image-fit\" href=\"https:\/\/verbraucherschutzzentrale.be\/fr\/lenfer-des-moustiques\/\"><img loading=\"lazy\" decoding=\"async\" width=\"640\" height=\"360\" src=\"https:\/\/verbraucherschutzzentrale.be\/wp-content\/uploads\/2024\/08\/the-mosquito-5219052_640.jpg\" class=\"attachment-large size-large wp-image-8132\" alt=\"\" srcset=\"https:\/\/verbraucherschutzzentrale.be\/wp-content\/uploads\/2024\/08\/the-mosquito-5219052_640.jpg 640w, https:\/\/verbraucherschutzzentrale.be\/wp-content\/uploads\/2024\/08\/the-mosquito-5219052_640-300x169.jpg 300w\" sizes=\"(max-width: 640px) 100vw, 640px\" \/> <span class=\"raven-post-image-overlay\"><\/span><\/a>\t\t<\/div>\n\t\t\t\t\t\t<div class=\"raven-post-content\">\n\t\t\t\t\t\t\t<div class=\"raven-post-meta\"><a class=\"raven-post-meta-item raven-post-date\" href=\"https:\/\/verbraucherschutzzentrale.be\/fr\/2024\/08\/\" rel=\"bookmark\">6 ao\u00fbt 2024<\/a><\/div>\n\t\t<h2 class=\"raven-post-title\"><a class=\"raven-post-title-link\" href=\"https:\/\/verbraucherschutzzentrale.be\/fr\/lenfer-des-moustiques\/\">L&rsquo;enfer des moustiques<\/a><\/h2>\t\t\t\t<\/div>\n\t\t\t<\/div>\n\t\t<\/div>\n\t\t\t\t<div class=\"raven-grid-item raven-post-item post-6537 post type-post status-publish format-standard has-post-thumbnail hentry category-markt-recht category-mobilite\">\n\t\t\t<div class=\"raven-post elementor-animation-grow-rotate\">\n\t\t\t\t\t\t<div class=\"raven-post-image-wrap\">\n\t\t\t<a class=\"raven-post-image raven-image-fit\" href=\"https:\/\/verbraucherschutzzentrale.be\/fr\/passager-aerien-mes-droits\/\"><img loading=\"lazy\" decoding=\"async\" width=\"750\" height=\"500\" src=\"https:\/\/verbraucherschutzzentrale.be\/wp-content\/uploads\/2023\/06\/oa-flugaerger-1.jpg\" class=\"attachment-large size-large wp-image-6039\" alt=\"\" srcset=\"https:\/\/verbraucherschutzzentrale.be\/wp-content\/uploads\/2023\/06\/oa-flugaerger-1.jpg 750w, https:\/\/verbraucherschutzzentrale.be\/wp-content\/uploads\/2023\/06\/oa-flugaerger-1-300x200.jpg 300w\" sizes=\"(max-width: 750px) 100vw, 750px\" \/> <span class=\"raven-post-image-overlay\"><\/span><\/a>\t\t<\/div>\n\t\t\t\t\t\t<div class=\"raven-post-content\">\n\t\t\t\t\t\t\t<div class=\"raven-post-meta\"><a class=\"raven-post-meta-item raven-post-date\" href=\"https:\/\/verbraucherschutzzentrale.be\/fr\/2023\/06\/\" rel=\"bookmark\">13 juin 2023<\/a><\/div>\n\t\t<h2 class=\"raven-post-title\"><a class=\"raven-post-title-link\" href=\"https:\/\/verbraucherschutzzentrale.be\/fr\/passager-aerien-mes-droits\/\">Passager a\u00e9rien ? Mes droits<\/a><\/h2>\t\t\t\t<\/div>\n\t\t\t<\/div>\n\t\t<\/div>\n\t\t\t\t<\/div>\n\t\t\t\t\t\t<\/div>\n\t\t\t\t<\/div>\n\t\t\t\t\t<\/div>\n\t\t<\/div>\n\t\t\t\t\t<\/div>\n\t\t<\/section>\n\t\t\t\t<\/div>\n\t\t","protected":false},"excerpt":{"rendered":"<p>Home Freizeit 30. Oktober 2023 Sicher unterwegs mit Winterreifen 22. Juni 2023 Lebensmittel einfrieren 13. Juni 2023 Die Reiseapotheke 13. Juni 2023 Flug\u00e4rger? Das sind Ihre Rechte 7. Juni 2023 Unkrautvernichtung &#8211; ohne Chemie 6. Juni 2023 Handy im Urlaub 6. Juni 2023 Niedrigemissionszonen 6. Juni 2023 Upcycling statt Recycling?<\/p>\n","protected":false},"author":5,"featured_media":0,"parent":6928,"menu_order":0,"comment_status":"closed","ping_status":"closed","template":"full-width.php","meta":{"_monsterinsights_skip_tracking":false,"_monsterinsights_sitenote_active":false,"_monsterinsights_sitenote_note":"","_monsterinsights_sitenote_category":0,"footnotes":""},"class_list":["post-6941","page","type-page","status-publish","hentry"],"aioseo_notices":[],"_links":{"self":[{"href":"https:\/\/verbraucherschutzzentrale.be\/fr\/wp-json\/wp\/v2\/pages\/6941","targetHints":{"allow":["GET"]}}],"collection":[{"href":"https:\/\/verbraucherschutzzentrale.be\/fr\/wp-json\/wp\/v2\/pages"}],"about":[{"href":"https:\/\/verbraucherschutzzentrale.be\/fr\/wp-json\/wp\/v2\/types\/page"}],"author":[{"embeddable":true,"href":"https:\/\/verbraucherschutzzentrale.be\/fr\/wp-json\/wp\/v2\/users\/5"}],"replies":[{"embeddable":true,"href":"https:\/\/verbraucherschutzzentrale.be\/fr\/wp-json\/wp\/v2\/comments?post=6941"}],"version-history":[{"count":2,"href":"https:\/\/verbraucherschutzzentrale.be\/fr\/wp-json\/wp\/v2\/pages\/6941\/revisions"}],"predecessor-version":[{"id":6980,"href":"https:\/\/verbraucherschutzzentrale.be\/fr\/wp-json\/wp\/v2\/pages\/6941\/revisions\/6980"}],"up":[{"embeddable":true,"href":"https:\/\/verbraucherschutzzentrale.be\/fr\/wp-json\/wp\/v2\/pages\/6928"}],"wp:attachment":[{"href":"https:\/\/verbraucherschutzzentrale.be\/fr\/wp-json\/wp\/v2\/media?parent=6941"}],"curies":[{"name":"wp","href":"https:\/\/api.w.org\/{rel}","templated":true}]}}