{"id":6934,"date":"2023-08-08T12:47:56","date_gmt":"2023-08-08T12:47:56","guid":{"rendered":"https:\/\/verbraucherschutzzentrale.be\/artikel\/betrug\/"},"modified":"2024-01-12T12:43:18","modified_gmt":"2024-01-12T12:43:18","slug":"arnaque","status":"publish","type":"page","link":"https:\/\/verbraucherschutzzentrale.be\/fr\/artikel\/arnaque\/","title":{"rendered":"Arnaque"},"content":{"rendered":"\t\t<div data-elementor-type=\"wp-page\" data-elementor-id=\"6934\" class=\"elementor elementor-6934 elementor-3712\">\n\t\t\t\t\t\t<section class=\"elementor-section elementor-top-section elementor-element elementor-element-a640785 elementor-section-boxed elementor-section-height-default elementor-section-height-default\" data-id=\"a640785\" data-element_type=\"section\" data-e-type=\"section\" data-settings=\"{&quot;jet_parallax_layout_list&quot;:[{&quot;jet_parallax_layout_image&quot;:{&quot;url&quot;:&quot;&quot;,&quot;id&quot;:&quot;&quot;,&quot;size&quot;:&quot;&quot;},&quot;_id&quot;:&quot;4e1ca47&quot;,&quot;jet_parallax_layout_image_tablet&quot;:{&quot;url&quot;:&quot;&quot;,&quot;id&quot;:&quot;&quot;,&quot;size&quot;:&quot;&quot;},&quot;jet_parallax_layout_image_mobile&quot;:{&quot;url&quot;:&quot;&quot;,&quot;id&quot;:&quot;&quot;,&quot;size&quot;:&quot;&quot;},&quot;jet_parallax_layout_speed&quot;:{&quot;unit&quot;:&quot;%&quot;,&quot;size&quot;:&quot;50&quot;,&quot;sizes&quot;:[]},&quot;jet_parallax_layout_bg_x&quot;:&quot;50&quot;,&quot;jet_parallax_layout_bg_y&quot;:&quot;50&quot;,&quot;jet_parallax_layout_type&quot;:&quot;scroll&quot;,&quot;jet_parallax_layout_direction&quot;:&quot;1&quot;,&quot;jet_parallax_layout_fx_direction&quot;:null,&quot;jet_parallax_layout_z_index&quot;:&quot;&quot;,&quot;jet_parallax_layout_bg_x_tablet&quot;:&quot;&quot;,&quot;jet_parallax_layout_bg_x_mobile&quot;:&quot;&quot;,&quot;jet_parallax_layout_bg_y_tablet&quot;:&quot;&quot;,&quot;jet_parallax_layout_bg_y_mobile&quot;:&quot;&quot;,&quot;jet_parallax_layout_bg_size&quot;:&quot;auto&quot;,&quot;jet_parallax_layout_bg_size_tablet&quot;:&quot;&quot;,&quot;jet_parallax_layout_bg_size_mobile&quot;:&quot;&quot;,&quot;jet_parallax_layout_animation_prop&quot;:&quot;transform&quot;,&quot;jet_parallax_layout_on&quot;:[&quot;desktop&quot;,&quot;tablet&quot;]}]}\">\n\t\t\t\t\t\t<div class=\"elementor-container elementor-column-gap-no\">\n\t\t\t\t\t<div class=\"elementor-column elementor-col-100 elementor-top-column elementor-element elementor-element-10241e9\" data-id=\"10241e9\" data-element_type=\"column\" data-e-type=\"column\">\n\t\t\t<div class=\"elementor-widget-wrap elementor-element-populated\">\n\t\t\t\t\t\t<div class=\"elementor-element elementor-element-34fb63c elementor-align-center elementor-widget elementor-widget-raven-breadcrumbs\" data-id=\"34fb63c\" data-element_type=\"widget\" data-e-type=\"widget\" data-widget_type=\"raven-breadcrumbs.default\">\n\t\t\t\t<div class=\"elementor-widget-container\">\n\t\t\t\t\t<div class=\"raven-breadcrumbs raven-breadcrumbs-default\"><div class=\"breadcrumb\">\t\t\t\t<div class=\"breadcrumb-item active\" aria-current=\"page\"><span>Home<\/span><\/div>\n\n\t\t\t\t<\/div><\/div>\t\t\t\t<\/div>\n\t\t\t\t<\/div>\n\t\t\t\t<div class=\"elementor-element elementor-element-c1f010e elementor-widget elementor-widget-heading\" data-id=\"c1f010e\" data-element_type=\"widget\" data-e-type=\"widget\" data-widget_type=\"heading.default\">\n\t\t\t\t<div class=\"elementor-widget-container\">\n\t\t\t\t\t<h1 class=\"elementor-heading-title elementor-size-default\">Fraude<\/h1>\t\t\t\t<\/div>\n\t\t\t\t<\/div>\n\t\t\t\t<div class=\"elementor-element elementor-element-9e7326d elementor-widget elementor-widget-raven-posts\" data-id=\"9e7326d\" data-element_type=\"widget\" data-e-type=\"widget\" data-settings=\"{&quot;classic_layout&quot;:&quot;masonry&quot;,&quot;query_posts_per_page&quot;:-1,&quot;_skin&quot;:&quot;classic&quot;,&quot;classic_columns&quot;:&quot;3&quot;,&quot;classic_columns_tablet&quot;:&quot;2&quot;,&quot;classic_columns_mobile&quot;:&quot;1&quot;,&quot;query_offset&quot;:0}\" data-widget_type=\"raven-posts.classic\">\n\t\t\t\t<div class=\"elementor-widget-container\">\n\t\t\t\t\t\t\t<div class=\"raven-posts raven-masonry raven-masonry-3 raven-masonry-mobile-1 raven-masonry-tablet-2\" data-post-id=\"6934\" data-archive-query=\"\" data-lang=\"\">\n\t\t\t\t<div class=\"raven-masonry-item raven-post-item post-12005 post type-post status-publish format-standard has-post-thumbnail hentry category-fraude category-mobilite\">\n\t\t\t<div class=\"raven-post elementor-animation-grow-rotate\">\n\t\t\t\t\t\t<div class=\"raven-post-image-wrap\">\n\t\t\t<a class=\"raven-post-image\" href=\"https:\/\/verbraucherschutzzentrale.be\/fr\/fraude-aux-autorisations-de-voyage-electroniques\/\"><img fetchpriority=\"high\" decoding=\"async\" width=\"1024\" height=\"683\" src=\"https:\/\/verbraucherschutzzentrale.be\/wp-content\/uploads\/2026\/03\/AdobeStock_883976154-1024x683.jpg\" class=\"attachment-large size-large wp-image-11952\" alt=\"\" srcset=\"https:\/\/verbraucherschutzzentrale.be\/wp-content\/uploads\/2026\/03\/AdobeStock_883976154-1024x683.jpg 1024w, https:\/\/verbraucherschutzzentrale.be\/wp-content\/uploads\/2026\/03\/AdobeStock_883976154-300x200.jpg 300w, https:\/\/verbraucherschutzzentrale.be\/wp-content\/uploads\/2026\/03\/AdobeStock_883976154-768x512.jpg 768w, https:\/\/verbraucherschutzzentrale.be\/wp-content\/uploads\/2026\/03\/AdobeStock_883976154-1536x1024.jpg 1536w, https:\/\/verbraucherschutzzentrale.be\/wp-content\/uploads\/2026\/03\/AdobeStock_883976154.jpg 1624w\" sizes=\"(max-width: 1024px) 100vw, 1024px\" \/> <span class=\"raven-post-image-overlay\"><\/span><\/a>\t\t<\/div>\n\t\t\t\t\t\t<div class=\"raven-post-content\">\n\t\t\t\t\t\t\t<div class=\"raven-post-meta\"><a class=\"raven-post-meta-item raven-post-date\" href=\"https:\/\/verbraucherschutzzentrale.be\/fr\/2026\/03\/\" rel=\"bookmark\">25 mars 2026<\/a>\n<span class=\"raven-post-meta-divider\">|<\/span>\n<span class=\"raven-post-meta-item raven-post-categories\"><a href=\"https:\/\/verbraucherschutzzentrale.be\/fr\/category\/fraude\/\" rel=\"tag\">Fraude<\/a>, <a href=\"https:\/\/verbraucherschutzzentrale.be\/fr\/category\/mobilite\/\" rel=\"tag\">Mobilit\u00e9<\/a><\/span><\/div>\n\t\t<h2 class=\"raven-post-title\"><a class=\"raven-post-title-link\" href=\"https:\/\/verbraucherschutzzentrale.be\/fr\/fraude-aux-autorisations-de-voyage-electroniques\/\">Fraude aux autorisations de voyage \u00e9lectroniques<\/a><\/h2>\t\t\t\t<\/div>\n\t\t\t<\/div>\n\t\t<\/div>\n\t\t\t\t<div class=\"raven-masonry-item raven-post-item post-11909 post type-post status-publish format-standard has-post-thumbnail hentry category-fraude category-numeriques\">\n\t\t\t<div class=\"raven-post elementor-animation-grow-rotate\">\n\t\t\t\t\t\t<div class=\"raven-post-image-wrap\">\n\t\t\t<a class=\"raven-post-image\" href=\"https:\/\/verbraucherschutzzentrale.be\/fr\/fausses-evaluations-difficile-a-croire\/\"><img decoding=\"async\" width=\"1024\" height=\"576\" src=\"https:\/\/verbraucherschutzzentrale.be\/wp-content\/uploads\/2026\/03\/AdobeStock_1829211084-1024x576.jpg\" class=\"attachment-large size-large wp-image-11816\" alt=\"\" srcset=\"https:\/\/verbraucherschutzzentrale.be\/wp-content\/uploads\/2026\/03\/AdobeStock_1829211084-1024x576.jpg 1024w, https:\/\/verbraucherschutzzentrale.be\/wp-content\/uploads\/2026\/03\/AdobeStock_1829211084-300x169.jpg 300w, https:\/\/verbraucherschutzzentrale.be\/wp-content\/uploads\/2026\/03\/AdobeStock_1829211084-768x432.jpg 768w, https:\/\/verbraucherschutzzentrale.be\/wp-content\/uploads\/2026\/03\/AdobeStock_1829211084-1536x864.jpg 1536w, https:\/\/verbraucherschutzzentrale.be\/wp-content\/uploads\/2026\/03\/AdobeStock_1829211084-2048x1152.jpg 2048w\" sizes=\"(max-width: 1024px) 100vw, 1024px\" \/> <span class=\"raven-post-image-overlay\"><\/span><\/a>\t\t<\/div>\n\t\t\t\t\t\t<div class=\"raven-post-content\">\n\t\t\t\t\t\t\t<div class=\"raven-post-meta\"><a class=\"raven-post-meta-item raven-post-date\" href=\"https:\/\/verbraucherschutzzentrale.be\/fr\/2026\/03\/\" rel=\"bookmark\">4 mars 2026<\/a>\n<span class=\"raven-post-meta-divider\">|<\/span>\n<span class=\"raven-post-meta-item raven-post-categories\"><a href=\"https:\/\/verbraucherschutzzentrale.be\/fr\/category\/fraude\/\" rel=\"tag\">Fraude<\/a>, <a href=\"https:\/\/verbraucherschutzzentrale.be\/fr\/category\/numeriques\/\" rel=\"tag\">Num\u00e9riques<\/a><\/span><\/div>\n\t\t<h2 class=\"raven-post-title\"><a class=\"raven-post-title-link\" href=\"https:\/\/verbraucherschutzzentrale.be\/fr\/fausses-evaluations-difficile-a-croire\/\">Fausses \u00e9valuations \u2013 difficile \u00e0 croire<\/a><\/h2>\t\t\t\t<\/div>\n\t\t\t<\/div>\n\t\t<\/div>\n\t\t\t\t<div class=\"raven-masonry-item raven-post-item post-11807 post type-post status-publish format-standard has-post-thumbnail hentry category-finances category-fraude category-marche-droit\">\n\t\t\t<div class=\"raven-post elementor-animation-grow-rotate\">\n\t\t\t\t\t\t<div class=\"raven-post-image-wrap\">\n\t\t\t<a class=\"raven-post-image\" href=\"https:\/\/verbraucherschutzzentrale.be\/fr\/finfluencer-argent-facile-ou-risque\/\"><img decoding=\"async\" width=\"1024\" height=\"784\" src=\"https:\/\/verbraucherschutzzentrale.be\/wp-content\/uploads\/2026\/02\/AdobeStock_577109673-1024x784.jpg\" class=\"attachment-large size-large wp-image-11292\" alt=\"\" srcset=\"https:\/\/verbraucherschutzzentrale.be\/wp-content\/uploads\/2026\/02\/AdobeStock_577109673-1024x784.jpg 1024w, https:\/\/verbraucherschutzzentrale.be\/wp-content\/uploads\/2026\/02\/AdobeStock_577109673-300x230.jpg 300w, https:\/\/verbraucherschutzzentrale.be\/wp-content\/uploads\/2026\/02\/AdobeStock_577109673-768x588.jpg 768w, https:\/\/verbraucherschutzzentrale.be\/wp-content\/uploads\/2026\/02\/AdobeStock_577109673-1536x1176.jpg 1536w, https:\/\/verbraucherschutzzentrale.be\/wp-content\/uploads\/2026\/02\/AdobeStock_577109673-2048x1567.jpg 2048w\" sizes=\"(max-width: 1024px) 100vw, 1024px\" \/> <span class=\"raven-post-image-overlay\"><\/span><\/a>\t\t<\/div>\n\t\t\t\t\t\t<div class=\"raven-post-content\">\n\t\t\t\t\t\t\t<div class=\"raven-post-meta\"><a class=\"raven-post-meta-item raven-post-date\" href=\"https:\/\/verbraucherschutzzentrale.be\/fr\/2026\/02\/\" rel=\"bookmark\">19 f\u00e9vrier 2026<\/a>\n<span class=\"raven-post-meta-divider\">|<\/span>\n<span class=\"raven-post-meta-item raven-post-categories\"><a href=\"https:\/\/verbraucherschutzzentrale.be\/fr\/category\/finances\/\" rel=\"tag\">Budget<\/a>, <a href=\"https:\/\/verbraucherschutzzentrale.be\/fr\/category\/fraude\/\" rel=\"tag\">Fraude<\/a>, <a href=\"https:\/\/verbraucherschutzzentrale.be\/fr\/category\/marche-droit\/\" rel=\"tag\">March\u00e9 &amp; droit<\/a><\/span><\/div>\n\t\t<h2 class=\"raven-post-title\"><a class=\"raven-post-title-link\" href=\"https:\/\/verbraucherschutzzentrale.be\/fr\/finfluencer-argent-facile-ou-risque\/\">Finfluencer : argent facile ou risque ?<\/a><\/h2>\t\t\t\t<\/div>\n\t\t\t<\/div>\n\t\t<\/div>\n\t\t\t\t<div class=\"raven-masonry-item raven-post-item post-10108 post type-post status-publish format-standard has-post-thumbnail hentry category-finances category-fraude category-marche-droit\">\n\t\t\t<div class=\"raven-post elementor-animation-grow-rotate\">\n\t\t\t\t\t\t<div class=\"raven-post-image-wrap\">\n\t\t\t<a class=\"raven-post-image\" href=\"https:\/\/verbraucherschutzzentrale.be\/fr\/vendre-de-lor-sans-regret\/\"><img loading=\"lazy\" decoding=\"async\" width=\"1024\" height=\"683\" src=\"https:\/\/verbraucherschutzzentrale.be\/wp-content\/uploads\/2025\/06\/AdobeStock_62458746-1024x683.jpg\" class=\"attachment-large size-large wp-image-9874\" alt=\"\" srcset=\"https:\/\/verbraucherschutzzentrale.be\/wp-content\/uploads\/2025\/06\/AdobeStock_62458746-1024x683.jpg 1024w, https:\/\/verbraucherschutzzentrale.be\/wp-content\/uploads\/2025\/06\/AdobeStock_62458746-300x200.jpg 300w, https:\/\/verbraucherschutzzentrale.be\/wp-content\/uploads\/2025\/06\/AdobeStock_62458746-768x512.jpg 768w, https:\/\/verbraucherschutzzentrale.be\/wp-content\/uploads\/2025\/06\/AdobeStock_62458746.jpg 1433w\" sizes=\"(max-width: 1024px) 100vw, 1024px\" \/> <span class=\"raven-post-image-overlay\"><\/span><\/a>\t\t<\/div>\n\t\t\t\t\t\t<div class=\"raven-post-content\">\n\t\t\t\t\t\t\t<div class=\"raven-post-meta\"><a class=\"raven-post-meta-item raven-post-date\" href=\"https:\/\/verbraucherschutzzentrale.be\/fr\/2026\/02\/\" rel=\"bookmark\">4 f\u00e9vrier 2026<\/a>\n<span class=\"raven-post-meta-divider\">|<\/span>\n<span class=\"raven-post-meta-item raven-post-categories\"><a href=\"https:\/\/verbraucherschutzzentrale.be\/fr\/category\/finances\/\" rel=\"tag\">Budget<\/a>, <a href=\"https:\/\/verbraucherschutzzentrale.be\/fr\/category\/fraude\/\" rel=\"tag\">Fraude<\/a>, <a href=\"https:\/\/verbraucherschutzzentrale.be\/fr\/category\/marche-droit\/\" rel=\"tag\">March\u00e9 &amp; droit<\/a><\/span><\/div>\n\t\t<h2 class=\"raven-post-title\"><a class=\"raven-post-title-link\" href=\"https:\/\/verbraucherschutzzentrale.be\/fr\/vendre-de-lor-sans-regret\/\">Vendre de l&rsquo;or sans regret<\/a><\/h2>\t\t\t\t<\/div>\n\t\t\t<\/div>\n\t\t<\/div>\n\t\t\t\t<div class=\"raven-masonry-item raven-post-item post-10784 post type-post status-publish format-standard has-post-thumbnail hentry category-fraude category-marche-droit\">\n\t\t\t<div class=\"raven-post elementor-animation-grow-rotate\">\n\t\t\t\t\t\t<div class=\"raven-post-image-wrap\">\n\t\t\t<a class=\"raven-post-image\" href=\"https:\/\/verbraucherschutzzentrale.be\/fr\/quels-sont-les-risques-lies-a-lachat-de-contrefacons\/\"><img loading=\"lazy\" decoding=\"async\" width=\"1024\" height=\"683\" src=\"https:\/\/verbraucherschutzzentrale.be\/wp-content\/uploads\/2025\/10\/AdobeStock_1473718161-1024x683.jpg\" class=\"attachment-large size-large wp-image-10405\" alt=\"\" srcset=\"https:\/\/verbraucherschutzzentrale.be\/wp-content\/uploads\/2025\/10\/AdobeStock_1473718161-1024x683.jpg 1024w, https:\/\/verbraucherschutzzentrale.be\/wp-content\/uploads\/2025\/10\/AdobeStock_1473718161-300x200.jpg 300w, https:\/\/verbraucherschutzzentrale.be\/wp-content\/uploads\/2025\/10\/AdobeStock_1473718161-768x512.jpg 768w, https:\/\/verbraucherschutzzentrale.be\/wp-content\/uploads\/2025\/10\/AdobeStock_1473718161-1536x1024.jpg 1536w, https:\/\/verbraucherschutzzentrale.be\/wp-content\/uploads\/2025\/10\/AdobeStock_1473718161-2048x1366.jpg 2048w\" sizes=\"(max-width: 1024px) 100vw, 1024px\" \/> <span class=\"raven-post-image-overlay\"><\/span><\/a>\t\t<\/div>\n\t\t\t\t\t\t<div class=\"raven-post-content\">\n\t\t\t\t\t\t\t<div class=\"raven-post-meta\"><a class=\"raven-post-meta-item raven-post-date\" href=\"https:\/\/verbraucherschutzzentrale.be\/fr\/2025\/11\/\" rel=\"bookmark\">12 novembre 2025<\/a>\n<span class=\"raven-post-meta-divider\">|<\/span>\n<span class=\"raven-post-meta-item raven-post-categories\"><a href=\"https:\/\/verbraucherschutzzentrale.be\/fr\/category\/fraude\/\" rel=\"tag\">Fraude<\/a>, <a href=\"https:\/\/verbraucherschutzzentrale.be\/fr\/category\/marche-droit\/\" rel=\"tag\">March\u00e9 &amp; droit<\/a><\/span><\/div>\n\t\t<h2 class=\"raven-post-title\"><a class=\"raven-post-title-link\" href=\"https:\/\/verbraucherschutzzentrale.be\/fr\/quels-sont-les-risques-lies-a-lachat-de-contrefacons\/\">Quels sont les risques li\u00e9s \u00e0 l&rsquo;achat de contrefa\u00e7ons ?<\/a><\/h2>\t\t\t\t<\/div>\n\t\t\t<\/div>\n\t\t<\/div>\n\t\t\t\t<div class=\"raven-masonry-item raven-post-item post-10778 post type-post status-publish format-standard has-post-thumbnail hentry category-fraude category-numeriques\">\n\t\t\t<div class=\"raven-post elementor-animation-grow-rotate\">\n\t\t\t\t\t\t<div class=\"raven-post-image-wrap\">\n\t\t\t<a class=\"raven-post-image\" href=\"https:\/\/verbraucherschutzzentrale.be\/fr\/deepfakes-effet-ou-manipulation\/\"><img loading=\"lazy\" decoding=\"async\" width=\"1024\" height=\"683\" src=\"https:\/\/verbraucherschutzzentrale.be\/wp-content\/uploads\/2025\/10\/AdobeStock_751404945-1024x683.jpg\" class=\"attachment-large size-large wp-image-10391\" alt=\"\" srcset=\"https:\/\/verbraucherschutzzentrale.be\/wp-content\/uploads\/2025\/10\/AdobeStock_751404945-1024x683.jpg 1024w, https:\/\/verbraucherschutzzentrale.be\/wp-content\/uploads\/2025\/10\/AdobeStock_751404945-300x200.jpg 300w, https:\/\/verbraucherschutzzentrale.be\/wp-content\/uploads\/2025\/10\/AdobeStock_751404945-768x512.jpg 768w, https:\/\/verbraucherschutzzentrale.be\/wp-content\/uploads\/2025\/10\/AdobeStock_751404945.jpg 1333w\" sizes=\"(max-width: 1024px) 100vw, 1024px\" \/> <span class=\"raven-post-image-overlay\"><\/span><\/a>\t\t<\/div>\n\t\t\t\t\t\t<div class=\"raven-post-content\">\n\t\t\t\t\t\t\t<div class=\"raven-post-meta\"><a class=\"raven-post-meta-item raven-post-date\" href=\"https:\/\/verbraucherschutzzentrale.be\/fr\/2025\/10\/\" rel=\"bookmark\">6 octobre 2025<\/a>\n<span class=\"raven-post-meta-divider\">|<\/span>\n<span class=\"raven-post-meta-item raven-post-categories\"><a href=\"https:\/\/verbraucherschutzzentrale.be\/fr\/category\/fraude\/\" rel=\"tag\">Fraude<\/a>, <a href=\"https:\/\/verbraucherschutzzentrale.be\/fr\/category\/numeriques\/\" rel=\"tag\">Num\u00e9riques<\/a><\/span><\/div>\n\t\t<h2 class=\"raven-post-title\"><a class=\"raven-post-title-link\" href=\"https:\/\/verbraucherschutzzentrale.be\/fr\/deepfakes-effet-ou-manipulation\/\">Deepfakes: effet ou manipulation ?<\/a><\/h2>\t\t\t\t<\/div>\n\t\t\t<\/div>\n\t\t<\/div>\n\t\t\t\t<div class=\"raven-masonry-item raven-post-item post-9623 post type-post status-publish format-standard has-post-thumbnail hentry category-fraude category-numeriques\">\n\t\t\t<div class=\"raven-post elementor-animation-grow-rotate\">\n\t\t\t\t\t\t<div class=\"raven-post-image-wrap\">\n\t\t\t<a class=\"raven-post-image\" href=\"https:\/\/verbraucherschutzzentrale.be\/fr\/rencontre-en-ligne-ou-pig-butchering\/\"><img loading=\"lazy\" decoding=\"async\" width=\"1024\" height=\"684\" src=\"https:\/\/verbraucherschutzzentrale.be\/wp-content\/uploads\/2025\/02\/AdobeStock_981852807-1024x684.jpg\" class=\"attachment-large size-large wp-image-9240\" alt=\"\" srcset=\"https:\/\/verbraucherschutzzentrale.be\/wp-content\/uploads\/2025\/02\/AdobeStock_981852807-1024x684.jpg 1024w, https:\/\/verbraucherschutzzentrale.be\/wp-content\/uploads\/2025\/02\/AdobeStock_981852807-300x200.jpg 300w, https:\/\/verbraucherschutzzentrale.be\/wp-content\/uploads\/2025\/02\/AdobeStock_981852807-768x513.jpg 768w, https:\/\/verbraucherschutzzentrale.be\/wp-content\/uploads\/2025\/02\/AdobeStock_981852807-1536x1026.jpg 1536w, https:\/\/verbraucherschutzzentrale.be\/wp-content\/uploads\/2025\/02\/AdobeStock_981852807.jpg 2005w\" sizes=\"(max-width: 1024px) 100vw, 1024px\" \/> <span class=\"raven-post-image-overlay\"><\/span><\/a>\t\t<\/div>\n\t\t\t\t\t\t<div class=\"raven-post-content\">\n\t\t\t\t\t\t\t<div class=\"raven-post-meta\"><a class=\"raven-post-meta-item raven-post-date\" href=\"https:\/\/verbraucherschutzzentrale.be\/fr\/2025\/02\/\" rel=\"bookmark\">12 f\u00e9vrier 2025<\/a>\n<span class=\"raven-post-meta-divider\">|<\/span>\n<span class=\"raven-post-meta-item raven-post-categories\"><a href=\"https:\/\/verbraucherschutzzentrale.be\/fr\/category\/fraude\/\" rel=\"tag\">Fraude<\/a>, <a href=\"https:\/\/verbraucherschutzzentrale.be\/fr\/category\/numeriques\/\" rel=\"tag\">Num\u00e9riques<\/a><\/span><\/div>\n\t\t<h2 class=\"raven-post-title\"><a class=\"raven-post-title-link\" href=\"https:\/\/verbraucherschutzzentrale.be\/fr\/rencontre-en-ligne-ou-pig-butchering\/\">Rencontre en ligne ou pig butchering ?<\/a><\/h2>\t\t\t\t<\/div>\n\t\t\t<\/div>\n\t\t<\/div>\n\t\t\t\t<div class=\"raven-masonry-item raven-post-item post-9007 post type-post status-publish format-standard has-post-thumbnail hentry category-fraude category-numeriques\">\n\t\t\t<div class=\"raven-post elementor-animation-grow-rotate\">\n\t\t\t\t\t\t<div class=\"raven-post-image-wrap\">\n\t\t\t<a class=\"raven-post-image\" href=\"https:\/\/verbraucherschutzzentrale.be\/fr\/quishing-une-nouvelle-menace-de-la-cybercriminalite\/\"><img loading=\"lazy\" decoding=\"async\" width=\"1024\" height=\"478\" src=\"https:\/\/verbraucherschutzzentrale.be\/wp-content\/uploads\/2024\/11\/AdobeStock_1065210975-1024x478.jpg\" class=\"attachment-large size-large wp-image-8732\" alt=\"\" srcset=\"https:\/\/verbraucherschutzzentrale.be\/wp-content\/uploads\/2024\/11\/AdobeStock_1065210975-1024x478.jpg 1024w, https:\/\/verbraucherschutzzentrale.be\/wp-content\/uploads\/2024\/11\/AdobeStock_1065210975-300x140.jpg 300w, https:\/\/verbraucherschutzzentrale.be\/wp-content\/uploads\/2024\/11\/AdobeStock_1065210975-768x359.jpg 768w, https:\/\/verbraucherschutzzentrale.be\/wp-content\/uploads\/2024\/11\/AdobeStock_1065210975-1536x718.jpg 1536w, https:\/\/verbraucherschutzzentrale.be\/wp-content\/uploads\/2024\/11\/AdobeStock_1065210975-2048x957.jpg 2048w\" sizes=\"(max-width: 1024px) 100vw, 1024px\" \/> <span class=\"raven-post-image-overlay\"><\/span><\/a>\t\t<\/div>\n\t\t\t\t\t\t<div class=\"raven-post-content\">\n\t\t\t\t\t\t\t<div class=\"raven-post-meta\"><a class=\"raven-post-meta-item raven-post-date\" href=\"https:\/\/verbraucherschutzzentrale.be\/fr\/2024\/11\/\" rel=\"bookmark\">13 novembre 2024<\/a>\n<span class=\"raven-post-meta-divider\">|<\/span>\n<span class=\"raven-post-meta-item raven-post-categories\"><a href=\"https:\/\/verbraucherschutzzentrale.be\/fr\/category\/fraude\/\" rel=\"tag\">Fraude<\/a>, <a href=\"https:\/\/verbraucherschutzzentrale.be\/fr\/category\/numeriques\/\" rel=\"tag\">Num\u00e9riques<\/a><\/span><\/div>\n\t\t<h2 class=\"raven-post-title\"><a class=\"raven-post-title-link\" href=\"https:\/\/verbraucherschutzzentrale.be\/fr\/quishing-une-nouvelle-menace-de-la-cybercriminalite\/\">Quishing &#8211; une nouvelle menace de la cybercriminalit\u00e9<\/a><\/h2>\t\t\t\t<\/div>\n\t\t\t<\/div>\n\t\t<\/div>\n\t\t\t\t<div class=\"raven-masonry-item raven-post-item post-6683 post type-post status-publish format-standard has-post-thumbnail hentry category-fraude category-marche-droit\">\n\t\t\t<div class=\"raven-post elementor-animation-grow-rotate\">\n\t\t\t\t\t\t<div class=\"raven-post-image-wrap\">\n\t\t\t<a class=\"raven-post-image\" href=\"https:\/\/verbraucherschutzzentrale.be\/fr\/shrinkflation\/\"><img loading=\"lazy\" decoding=\"async\" width=\"1024\" height=\"777\" src=\"https:\/\/verbraucherschutzzentrale.be\/wp-content\/uploads\/2023\/10\/AdobeStock_473442939-e1698752147679.jpg\" class=\"attachment-large size-large wp-image-6363\" alt=\"\" \/> <span class=\"raven-post-image-overlay\"><\/span><\/a>\t\t<\/div>\n\t\t\t\t\t\t<div class=\"raven-post-content\">\n\t\t\t\t\t\t\t<div class=\"raven-post-meta\"><a class=\"raven-post-meta-item raven-post-date\" href=\"https:\/\/verbraucherschutzzentrale.be\/fr\/2024\/08\/\" rel=\"bookmark\">11 ao\u00fbt 2024<\/a>\n<span class=\"raven-post-meta-divider\">|<\/span>\n<span class=\"raven-post-meta-item raven-post-categories\"><a href=\"https:\/\/verbraucherschutzzentrale.be\/fr\/category\/fraude\/\" rel=\"tag\">Fraude<\/a>, <a href=\"https:\/\/verbraucherschutzzentrale.be\/fr\/category\/marche-droit\/\" rel=\"tag\">March\u00e9 &amp; droit<\/a><\/span><\/div>\n\t\t<h2 class=\"raven-post-title\"><a class=\"raven-post-title-link\" href=\"https:\/\/verbraucherschutzzentrale.be\/fr\/shrinkflation\/\">Moins de contenu, m\u00eame prix?<\/a><\/h2>\t\t\t\t<\/div>\n\t\t\t<\/div>\n\t\t<\/div>\n\t\t\t\t<div class=\"raven-masonry-item raven-post-item post-7763 post type-post status-publish format-standard has-post-thumbnail hentry category-fraude category-numeriques\">\n\t\t\t<div class=\"raven-post elementor-animation-grow-rotate\">\n\t\t\t\t\t\t<div class=\"raven-post-image-wrap\">\n\t\t\t<a class=\"raven-post-image\" href=\"https:\/\/verbraucherschutzzentrale.be\/fr\/se-proteger-contre-les-arnaques-sur-les-sites-de-rencontres\/\"><img loading=\"lazy\" decoding=\"async\" width=\"1024\" height=\"681\" src=\"https:\/\/verbraucherschutzzentrale.be\/wp-content\/uploads\/2024\/01\/AdobeStock_170481174-1024x681.jpg\" class=\"attachment-large size-large wp-image-6854\" alt=\"\" srcset=\"https:\/\/verbraucherschutzzentrale.be\/wp-content\/uploads\/2024\/01\/AdobeStock_170481174-1024x681.jpg 1024w, https:\/\/verbraucherschutzzentrale.be\/wp-content\/uploads\/2024\/01\/AdobeStock_170481174-300x200.jpg 300w, https:\/\/verbraucherschutzzentrale.be\/wp-content\/uploads\/2024\/01\/AdobeStock_170481174-768x511.jpg 768w, https:\/\/verbraucherschutzzentrale.be\/wp-content\/uploads\/2024\/01\/AdobeStock_170481174-1536x1022.jpg 1536w, https:\/\/verbraucherschutzzentrale.be\/wp-content\/uploads\/2024\/01\/AdobeStock_170481174-2048x1362.jpg 2048w\" sizes=\"(max-width: 1024px) 100vw, 1024px\" \/> <span class=\"raven-post-image-overlay\"><\/span><\/a>\t\t<\/div>\n\t\t\t\t\t\t<div class=\"raven-post-content\">\n\t\t\t\t\t\t\t<div class=\"raven-post-meta\"><a class=\"raven-post-meta-item raven-post-date\" href=\"https:\/\/verbraucherschutzzentrale.be\/fr\/2024\/01\/\" rel=\"bookmark\">10 janvier 2024<\/a>\n<span class=\"raven-post-meta-divider\">|<\/span>\n<span class=\"raven-post-meta-item raven-post-categories\"><a href=\"https:\/\/verbraucherschutzzentrale.be\/fr\/category\/fraude\/\" rel=\"tag\">Fraude<\/a>, <a href=\"https:\/\/verbraucherschutzzentrale.be\/fr\/category\/numeriques\/\" rel=\"tag\">Num\u00e9riques<\/a><\/span><\/div>\n\t\t<h2 class=\"raven-post-title\"><a class=\"raven-post-title-link\" href=\"https:\/\/verbraucherschutzzentrale.be\/fr\/se-proteger-contre-les-arnaques-sur-les-sites-de-rencontres\/\">Se prot\u00e9ger contre les arnaques sur les sites de rencontres<\/a><\/h2>\t\t\t\t<\/div>\n\t\t\t<\/div>\n\t\t<\/div>\n\t\t\t\t<\/div>\n\t\t\t\t\t\t<\/div>\n\t\t\t\t<\/div>\n\t\t\t\t\t<\/div>\n\t\t<\/div>\n\t\t\t\t\t<\/div>\n\t\t<\/section>\n\t\t\t\t<\/div>\n\t\t","protected":false},"excerpt":{"rendered":"<p>Home Fraude<\/p>\n","protected":false},"author":5,"featured_media":0,"parent":6928,"menu_order":0,"comment_status":"closed","ping_status":"closed","template":"full-width.php","meta":{"_monsterinsights_skip_tracking":false,"_monsterinsights_sitenote_active":false,"_monsterinsights_sitenote_note":"","_monsterinsights_sitenote_category":0,"footnotes":""},"class_list":["post-6934","page","type-page","status-publish","hentry"],"aioseo_notices":[],"_links":{"self":[{"href":"https:\/\/verbraucherschutzzentrale.be\/fr\/wp-json\/wp\/v2\/pages\/6934","targetHints":{"allow":["GET"]}}],"collection":[{"href":"https:\/\/verbraucherschutzzentrale.be\/fr\/wp-json\/wp\/v2\/pages"}],"about":[{"href":"https:\/\/verbraucherschutzzentrale.be\/fr\/wp-json\/wp\/v2\/types\/page"}],"author":[{"embeddable":true,"href":"https:\/\/verbraucherschutzzentrale.be\/fr\/wp-json\/wp\/v2\/users\/5"}],"replies":[{"embeddable":true,"href":"https:\/\/verbraucherschutzzentrale.be\/fr\/wp-json\/wp\/v2\/comments?post=6934"}],"version-history":[{"count":5,"href":"https:\/\/verbraucherschutzzentrale.be\/fr\/wp-json\/wp\/v2\/pages\/6934\/revisions"}],"predecessor-version":[{"id":6977,"href":"https:\/\/verbraucherschutzzentrale.be\/fr\/wp-json\/wp\/v2\/pages\/6934\/revisions\/6977"}],"up":[{"embeddable":true,"href":"https:\/\/verbraucherschutzzentrale.be\/fr\/wp-json\/wp\/v2\/pages\/6928"}],"wp:attachment":[{"href":"https:\/\/verbraucherschutzzentrale.be\/fr\/wp-json\/wp\/v2\/media?parent=6934"}],"curies":[{"name":"wp","href":"https:\/\/api.w.org\/{rel}","templated":true}]}}