{"id":6738,"date":"2023-08-17T13:23:35","date_gmt":"2023-08-17T13:23:35","guid":{"rendered":"https:\/\/verbraucherschutzzentrale.be\/?page_id=6738"},"modified":"2023-12-21T10:03:13","modified_gmt":"2023-12-21T10:03:13","slug":"registrierung-des-mietvertrags","status":"publish","type":"page","link":"https:\/\/verbraucherschutzzentrale.be\/fr\/service\/mietrecht\/registrierung-des-mietvertrags\/","title":{"rendered":"Enregistrement du bail"},"content":{"rendered":"\t\t<div data-elementor-type=\"wp-page\" data-elementor-id=\"6738\" class=\"elementor elementor-6738 elementor-4128\">\n\t\t\t\t\t\t<section class=\"elementor-section elementor-top-section elementor-element elementor-element-2f083dd elementor-section-stretched elementor-section-boxed elementor-section-height-default elementor-section-height-default\" data-id=\"2f083dd\" data-element_type=\"section\" data-e-type=\"section\" data-settings=\"{&quot;stretch_section&quot;:&quot;section-stretched&quot;,&quot;jet_parallax_layout_list&quot;:[],&quot;background_background&quot;:&quot;classic&quot;}\">\n\t\t\t\t\t\t<div class=\"elementor-container elementor-column-gap-default\">\n\t\t\t\t\t<div class=\"elementor-column elementor-col-100 elementor-top-column elementor-element elementor-element-dad3e37\" data-id=\"dad3e37\" data-element_type=\"column\" data-e-type=\"column\">\n\t\t\t<div class=\"elementor-widget-wrap\">\n\t\t\t\t\t\t\t<\/div>\n\t\t<\/div>\n\t\t\t\t\t<\/div>\n\t\t<\/section>\n\t\t\t\t<section class=\"elementor-section elementor-top-section elementor-element elementor-element-b23a249 elementor-section-stretched elementor-section-boxed elementor-section-height-default elementor-section-height-default\" data-id=\"b23a249\" data-element_type=\"section\" data-e-type=\"section\" data-settings=\"{&quot;jet_parallax_layout_list&quot;:[],&quot;stretch_section&quot;:&quot;section-stretched&quot;}\">\n\t\t\t\t\t\t<div class=\"elementor-container elementor-column-gap-wide\">\n\t\t\t\t\t<div class=\"elementor-column elementor-col-50 elementor-top-column elementor-element elementor-element-ea062e2\" data-id=\"ea062e2\" data-element_type=\"column\" data-e-type=\"column\">\n\t\t\t<div class=\"elementor-widget-wrap elementor-element-populated\">\n\t\t\t\t\t\t<div class=\"elementor-element elementor-element-1d251fe elementor-widget elementor-widget-text-editor\" data-id=\"1d251fe\" data-element_type=\"widget\" data-e-type=\"widget\" data-widget_type=\"text-editor.default\">\n\t\t\t\t<div class=\"elementor-widget-container\">\n\t\t\t\t\t\t\t\t\t<h5><span style=\"color: #f07d21;\">Droit du bail<br \/><\/span><\/h5><h1><span style=\"color: #f07d21;\">Enregistrement du bail <br \/><\/span><\/h1><p>Depuis le 1er septembre 2018, la loi r\u00e9form\u00e9e sur les baux \u00e0 loyer de la R\u00e9gion wallonne est en vigueur. L\u2019enregistrement du contrat de bail en fait \u00e9galement partie. Cela signifie que <strong>chaque bail de location doit \u00eatre enregistr\u00e9 aupr\u00e8s du Bureau de S\u00e9curit\u00e9 juridique comp\u00e9tent (en g\u00e9n\u00e9ral par le propri\u00e9taire). <\/strong>La VSZ vous indiquera les points \u00e0 surveiller.<\/p>\t\t\t\t\t\t\t\t<\/div>\n\t\t\t\t<\/div>\n\t\t\t\t<div class=\"elementor-element elementor-element-43712ba elementor-widget elementor-widget-read-more\" data-id=\"43712ba\" data-element_type=\"widget\" data-e-type=\"widget\" data-widget_type=\"read-more.default\">\n\t\t\t\t<div class=\"elementor-widget-container\">\n\t\t\t\t\t<\/div><\/div><\/div><\/div><\/div><\/section><\/div> <a href=\"https:\/\/verbraucherschutzzentrale.be\/fr\/des-moisissures-dans-lappartement-loue-que-faire\/#more-10853\" class=\"more-link elementor-more-link\"><span aria-label=\"Poursuivre la lecture Des moisissures dans l\u2019appartement lou\u00e9 ? Que faire ?\">Weiterlesen<\/span><\/a>","protected":false},"excerpt":{"rendered":"<p>Droit du bail Enregistrement du bail Depuis le 1er septembre 2018, la loi r\u00e9form\u00e9e sur les baux \u00e0 loyer de la R\u00e9gion wallonne est en vigueur. L\u2019enregistrement du contrat de bail en fait \u00e9galement partie. Cela signifie que chaque bail de location doit \u00eatre enregistr\u00e9 aupr\u00e8s du Bureau de S\u00e9curit\u00e9 juridique comp\u00e9tent (en g\u00e9n\u00e9ral par [&hellip;]<\/p>\n","protected":false},"author":4,"featured_media":0,"parent":8550,"menu_order":0,"comment_status":"closed","ping_status":"closed","template":"","meta":{"_monsterinsights_skip_tracking":false,"_monsterinsights_sitenote_active":false,"_monsterinsights_sitenote_note":"","_monsterinsights_sitenote_category":0,"footnotes":""},"class_list":["post-6738","page","type-page","status-publish","hentry"],"aioseo_notices":[],"_links":{"self":[{"href":"https:\/\/verbraucherschutzzentrale.be\/fr\/wp-json\/wp\/v2\/pages\/6738","targetHints":{"allow":["GET"]}}],"collection":[{"href":"https:\/\/verbraucherschutzzentrale.be\/fr\/wp-json\/wp\/v2\/pages"}],"about":[{"href":"https:\/\/verbraucherschutzzentrale.be\/fr\/wp-json\/wp\/v2\/types\/page"}],"author":[{"embeddable":true,"href":"https:\/\/verbraucherschutzzentrale.be\/fr\/wp-json\/wp\/v2\/users\/4"}],"replies":[{"embeddable":true,"href":"https:\/\/verbraucherschutzzentrale.be\/fr\/wp-json\/wp\/v2\/comments?post=6738"}],"version-history":[{"count":10,"href":"https:\/\/verbraucherschutzzentrale.be\/fr\/wp-json\/wp\/v2\/pages\/6738\/revisions"}],"predecessor-version":[{"id":7082,"href":"https:\/\/verbraucherschutzzentrale.be\/fr\/wp-json\/wp\/v2\/pages\/6738\/revisions\/7082"}],"up":[{"embeddable":true,"href":"https:\/\/verbraucherschutzzentrale.be\/fr\/wp-json\/wp\/v2\/pages\/8550"}],"wp:attachment":[{"href":"https:\/\/verbraucherschutzzentrale.be\/fr\/wp-json\/wp\/v2\/media?parent=6738"}],"curies":[{"name":"wp","href":"https:\/\/api.w.org\/{rel}","templated":true}]}}