{"id":10878,"date":"2023-08-17T10:16:21","date_gmt":"2023-08-17T10:16:21","guid":{"rendered":"https:\/\/verbraucherschutzzentrale.be\/?page_id=10878"},"modified":"2026-02-03T08:18:51","modified_gmt":"2026-02-03T08:18:51","slug":"indexation-des-loyers","status":"publish","type":"page","link":"https:\/\/verbraucherschutzzentrale.be\/fr\/indexation-des-loyers\/","title":{"rendered":"Indexation des loyers"},"content":{"rendered":"\t\t<div data-elementor-type=\"wp-page\" data-elementor-id=\"10878\" class=\"elementor elementor-10878 elementor-4090\">\n\t\t\t\t\t\t<section class=\"elementor-section elementor-top-section elementor-element elementor-element-2f083dd elementor-section-stretched elementor-section-boxed elementor-section-height-default elementor-section-height-default\" data-id=\"2f083dd\" data-element_type=\"section\" data-e-type=\"section\" data-settings=\"{&quot;stretch_section&quot;:&quot;section-stretched&quot;,&quot;jet_parallax_layout_list&quot;:[],&quot;background_background&quot;:&quot;classic&quot;}\">\n\t\t\t\t\t\t<div class=\"elementor-container elementor-column-gap-default\">\n\t\t\t\t\t<div class=\"elementor-column elementor-col-100 elementor-top-column elementor-element elementor-element-dad3e37\" data-id=\"dad3e37\" data-element_type=\"column\" data-e-type=\"column\">\n\t\t\t<div class=\"elementor-widget-wrap\">\n\t\t\t\t\t\t\t<\/div>\n\t\t<\/div>\n\t\t\t\t\t<\/div>\n\t\t<\/section>\n\t\t\t\t<section class=\"elementor-section elementor-top-section elementor-element elementor-element-b23a249 elementor-section-stretched elementor-section-boxed elementor-section-height-default elementor-section-height-default\" data-id=\"b23a249\" data-element_type=\"section\" data-e-type=\"section\" data-settings=\"{&quot;jet_parallax_layout_list&quot;:[],&quot;stretch_section&quot;:&quot;section-stretched&quot;}\">\n\t\t\t\t\t\t<div class=\"elementor-container elementor-column-gap-wide\">\n\t\t\t\t\t<div class=\"elementor-column elementor-col-50 elementor-top-column elementor-element elementor-element-ea062e2\" data-id=\"ea062e2\" data-element_type=\"column\" data-e-type=\"column\">\n\t\t\t<div class=\"elementor-widget-wrap elementor-element-populated\">\n\t\t\t\t\t\t<div class=\"elementor-element elementor-element-1d251fe elementor-widget elementor-widget-text-editor\" data-id=\"1d251fe\" data-element_type=\"widget\" data-e-type=\"widget\" data-widget_type=\"text-editor.default\">\n\t\t\t\t<div class=\"elementor-widget-container\">\n\t\t\t\t\t\t\t\t\t<h5><span style=\"color: #f07d21;\">Location<\/span><\/h5><h1><span style=\"color: #f07d21;\">Indexation des loyers<\/span><\/h1><p>Les personnes qui ont conclu un bail de location doivent en g\u00e9n\u00e9ral s\u2019attendre \u00e0 une indexation de leur loyer. En raison de la forte augmentation du co\u00fbt de la vie, de nombreux locataires risquent une mauvaise surprise \u00e0 la prochaine indexation. La VSZ explique pourquoi.<\/p>\t\t\t\t\t\t\t\t<\/div>\n\t\t\t\t<\/div>\n\t\t\t\t<div class=\"elementor-element elementor-element-43712ba elementor-widget elementor-widget-read-more\" data-id=\"43712ba\" data-element_type=\"widget\" data-e-type=\"widget\" data-widget_type=\"read-more.default\">\n\t\t\t\t<div class=\"elementor-widget-container\">\n\t\t\t\t\t<\/div><\/div><\/div><\/div><\/div><\/section><\/div> <a href=\"https:\/\/verbraucherschutzzentrale.be\/fr\/des-moisissures-dans-lappartement-loue-que-faire\/#more-10853\" class=\"more-link elementor-more-link\"><span aria-label=\"Poursuivre la lecture Des moisissures dans l\u2019appartement lou\u00e9 ? Que faire ?\">Weiterlesen<\/span><\/a>","protected":false},"excerpt":{"rendered":"<p>Location Indexation des loyers Les personnes qui ont conclu un bail de location doivent en g\u00e9n\u00e9ral s\u2019attendre \u00e0 une indexation de leur loyer. En raison de la forte augmentation du co\u00fbt de la vie, de nombreux locataires risquent une mauvaise surprise \u00e0 la prochaine indexation. La VSZ explique pourquoi.<\/p>\n","protected":false},"author":4,"featured_media":0,"parent":0,"menu_order":0,"comment_status":"closed","ping_status":"closed","template":"","meta":{"_monsterinsights_skip_tracking":false,"_monsterinsights_sitenote_active":false,"_monsterinsights_sitenote_note":"","_monsterinsights_sitenote_category":0,"footnotes":""},"class_list":["post-10878","page","type-page","status-publish","hentry"],"aioseo_notices":[],"_links":{"self":[{"href":"https:\/\/verbraucherschutzzentrale.be\/fr\/wp-json\/wp\/v2\/pages\/10878","targetHints":{"allow":["GET"]}}],"collection":[{"href":"https:\/\/verbraucherschutzzentrale.be\/fr\/wp-json\/wp\/v2\/pages"}],"about":[{"href":"https:\/\/verbraucherschutzzentrale.be\/fr\/wp-json\/wp\/v2\/types\/page"}],"author":[{"embeddable":true,"href":"https:\/\/verbraucherschutzzentrale.be\/fr\/wp-json\/wp\/v2\/users\/4"}],"replies":[{"embeddable":true,"href":"https:\/\/verbraucherschutzzentrale.be\/fr\/wp-json\/wp\/v2\/comments?post=10878"}],"version-history":[{"count":5,"href":"https:\/\/verbraucherschutzzentrale.be\/fr\/wp-json\/wp\/v2\/pages\/10878\/revisions"}],"predecessor-version":[{"id":10883,"href":"https:\/\/verbraucherschutzzentrale.be\/fr\/wp-json\/wp\/v2\/pages\/10878\/revisions\/10883"}],"wp:attachment":[{"href":"https:\/\/verbraucherschutzzentrale.be\/fr\/wp-json\/wp\/v2\/media?parent=10878"}],"curies":[{"name":"wp","href":"https:\/\/api.w.org\/{rel}","templated":true}]}}